{"id":23149,"date":"2025-06-10T21:06:24","date_gmt":"2025-06-10T19:06:24","guid":{"rendered":"https:\/\/www.stopvarroa.com\/products\/varroa-treatment\/"},"modified":"2026-03-01T17:59:31","modified_gmt":"2026-03-01T16:59:31","slug":"varroa-treatment","status":"publish","type":"product","link":"https:\/\/www.stopvarroa.com\/pl\/products\/varroa-treatment\/","title":{"rendered":"Leczenie warrozy"},"content":{"rendered":"<p><strong><img decoding=\"async\" style=\"margin-right: 12px;\" src=\"https:\/\/www.stopvarroa.com\/wp-content\/uploads\/2026\/02\/Check.svg\" alt=\"\" width=\"18\" height=\"15\" \/>Eliminuje roztocza Varroa w ci\u0105gu 24 godzin, zapewniaj\u0105c szybk\u0105 ochron\u0119 ula.<\/strong> Nasz preparat na warroz\u0119 zosta\u0142 specjalnie opracowany, aby dzia\u0142a\u0107 szybko i skutecznie, eliminuj\u0105c niszczycielskie roztocza warrozy w ci\u0105gu zaledwie 24 godzin od zastosowania. Szybkie dzia\u0142anie jest niezb\u0119dne do ochrony czerwiu, doros\u0142ych pszcz\u00f3\u0142 i og\u00f3lnej si\u0142y kolonii.<\/p>\n<p><strong><img decoding=\"async\" style=\"margin-right: 12px;\" src=\"https:\/\/www.stopvarroa.com\/wp-content\/uploads\/2026\/02\/Check.svg\" alt=\"\" width=\"18\" height=\"15\" \/>Najskuteczniejsze dost\u0119pne rozwi\u0105zanie przeciw \u017cylakom.<\/strong> Opracowany przy u\u017cyciu wysokowydajnych sk\u0142adnik\u00f3w aktywnych, zwalcza roztocza bezpo\u015brednio w kontakcie z nimi, zapewniaj\u0105c maksymalne pokrycie po obu stronach ramek. Zapewnia sp\u00f3jne i niezawodne wyniki nawet w silnie zaatakowanych ulach.<\/p>\n<p><strong><img decoding=\"async\" style=\"margin-right: 12px;\" src=\"https:\/\/www.stopvarroa.com\/wp-content\/uploads\/2026\/02\/Check.svg\" alt=\"\" width=\"18\" height=\"15\" \/>Najta\u0144szy profesjonalny \u015brodek przeciw warrozie na rynku.<\/strong> Oferujemy najbardziej konkurencyjne ceny bez uszczerbku dla jako\u015bci i skuteczno\u015bci. Pszczelarze korzystaj\u0105 z najwy\u017cszej jako\u015bci ochrony w przyst\u0119pnej cenie, niezale\u017cnie od tego, czy zarz\u0105dzaj\u0105 kilkoma ulami, czy ca\u0142\u0105 pasiek\u0105.<\/p>\n<p><strong><img decoding=\"async\" style=\"margin-right: 12px;\" src=\"https:\/\/www.stopvarroa.com\/wp-content\/uploads\/2026\/02\/Check.svg\" alt=\"\" width=\"18\" height=\"15\" \/>24-godzinna dostawa w celu niezw\u0142ocznej ochrony kolonii.<\/strong> Gwarantujemy 24-godzinn\u0105 dostaw\u0119, aby\u015b m\u00f3g\u0142 natychmiast zareagowa\u0107 na inwazj\u0119 warrozy. Szybka wysy\u0142ka pomaga zapobiega\u0107 os\u0142abieniu kolonii i zmniejsza ryzyko d\u0142ugotrwa\u0142ych uszkodze\u0144.<\/p>\n<p><strong><img decoding=\"async\" style=\"margin-right: 12px;\" src=\"https:\/\/www.stopvarroa.com\/wp-content\/uploads\/2026\/02\/Check.svg\" alt=\"\" width=\"18\" height=\"15\" \/>Gwarancja zwrotu pieni\u0119dzy dla ca\u0142kowitego spokoju ducha.<\/strong> Oferujemy pe\u0142n\u0105 gwarancj\u0119 zwrotu pieni\u0119dzy. Je\u015bli nie b\u0119dziesz w pe\u0142ni zadowolony z wynik\u00f3w naszego leczenia warrozy, zwr\u00f3cimy Ci pieni\u0105dze za zakup. Twoja inwestycja jest ca\u0142kowicie wolna od ryzyka.<\/p>\n<p><strong><img decoding=\"async\" style=\"margin-right: 12px;\" src=\"https:\/\/www.stopvarroa.com\/wp-content\/uploads\/2026\/02\/Check.svg\" alt=\"\" width=\"18\" height=\"15\" \/>Nadaje si\u0119 do ekologicznych praktyk pszczelarskich.<\/strong> Zabieg ten jest zgodny ze standardami pszczelarstwa ekologicznego, umo\u017cliwiaj\u0105c ochron\u0119 uli przy jednoczesnym zachowaniu odpowiedzialnych i zr\u00f3wnowa\u017conych metod produkcji.<\/p>\n<p><strong><img decoding=\"async\" style=\"margin-right: 12px;\" src=\"https:\/\/www.stopvarroa.com\/wp-content\/uploads\/2026\/02\/Check.svg\" alt=\"\" width=\"18\" height=\"15\" \/>\u0141atwa aplikacja natryskowa zapewnia precyzyjne pokrycie.<\/strong> Dostarczany w wygodnej butelce z rozpylaczem, produkt jest nak\u0142adany bezpo\u015brednio na obie strony ramek. Zapewnia to bezpo\u015bredni kontakt z roztoczami obecnymi na pszczo\u0142ach i czerwiu.<\/p>\n<p><strong><img decoding=\"async\" style=\"margin-right: 12px;\" src=\"https:\/\/www.stopvarroa.com\/wp-content\/uploads\/2026\/02\/Check.svg\" alt=\"\" width=\"18\" height=\"15\" \/>Wysokie pokrycie do 20 uli na litr.<\/strong> Jeden litr produktu mo\u017ce leczy\u0107 do 20 uli, oferuj\u0105c doskona\u0142\u0105 efektywno\u015b\u0107 kosztow\u0105 i czyni\u0105c go odpowiednim zar\u00f3wno dla ma\u0142ych, jak i profesjonalnych pszczelarzy.<\/p>\n<p><strong><img decoding=\"async\" style=\"margin-right: 12px;\" src=\"https:\/\/www.stopvarroa.com\/wp-content\/uploads\/2026\/02\/Check.svg\" alt=\"\" width=\"18\" height=\"15\" \/>Bezpieczny dla pszcz\u00f3\u0142, gdy jest stosowany zgodnie z zaleceniami.<\/strong> Zr\u00f3wnowa\u017cona formu\u0142a zosta\u0142a zaprojektowana w celu wyeliminowania roztoczy przy jednoczesnym poszanowaniu zdrowia kolonii, gdy jest stosowana zgodnie z zalecanymi instrukcjami.<\/p>\n<p><strong><img decoding=\"async\" style=\"margin-right: 12px;\" src=\"https:\/\/www.stopvarroa.com\/wp-content\/uploads\/2026\/02\/Check.svg\" alt=\"\" width=\"18\" height=\"15\" \/>Wzmacnia witalno\u015b\u0107 i produktywno\u015b\u0107 kolonii.<\/strong> Poprzez szybkie zmniejszenie presji roztoczy, leczenie pomaga utrzyma\u0107 zdrowy rozw\u00f3j czerwiu, silniejsze populacje robotnic i lepszy potencja\u0142 produkcji miodu.<\/p>\n<h2><strong>Instrukcje<\/strong><\/h2>\n<ul>\n<li>Przed u\u017cyciem dobrze wstrz\u0105sn\u0105\u0107 butelk\u0105 z rozpylaczem, aby zapewni\u0107 prawid\u0142owe wymieszanie sk\u0142adnik\u00f3w aktywnych.<\/li>\n<li>Zabieg nale\u017cy stosowa\u0107 w okresach niskiego przep\u0142ywu miodu i najlepiej w umiarkowanych temperaturach.<\/li>\n<li>Ostro\u017cnie otw\u00f3rz ul i wyjmij ka\u017cd\u0105 ramk\u0119 po kolei.<\/li>\n<li>Rozpyl produkt r\u00f3wnomiernie po obu stronach ka\u017cdej ramki, zapewniaj\u0105c dok\u0142adne pokrycie pszcz\u00f3\u0142 i obszar\u00f3w czerwiu.<\/li>\n<li>U\u017cy\u0107 oko\u0142o 50 ml produktu na ul, co daje 1 litr na leczenie do 20 uli.<\/li>\n<li>Upewnij si\u0119, \u017ce wszystkie ramki wewn\u0105trz ula zosta\u0142y poddane dzia\u0142aniu preparatu w celu uzyskania maksymalnej skuteczno\u015bci.<\/li>\n<li>Po spryskaniu ramki nale\u017cy umie\u015bci\u0107 z powrotem w ich pierwotnym po\u0142o\u017ceniu wewn\u0105trz ula.<\/li>\n<li>Zamkn\u0105\u0107 ul i unika\u0107 niepokojenia kolonii przez co najmniej 24 godziny.<\/li>\n<li>Monitorowa\u0107 spadek liczebno\u015bci roztoczy i stan kolonii w kolejnych dniach w celu oceny skuteczno\u015bci.<\/li>\n<li>W razie potrzeby powt\u00f3rzy\u0107 zabieg zgodnie z poziomem inwazji i sezonowymi praktykami zarz\u0105dzania.<\/li>\n<\/ul>","protected":false},"excerpt":{"rendered":"<p>Eliminates varroa mites within 24 hours for rapid hive protection. Our varroa treatment is specially formulated to act quickly and efficiently, eliminating destructive varroa mites in just 24 hours after application. Fast action is essential to protect brood, adult bees, and the overall strength of the colony. The most effective anti-varroa solution available. Developed with [&hellip;]<\/p>\n","protected":false},"featured_media":23313,"comment_status":"open","ping_status":"closed","template":"","meta":{"_uag_custom_page_level_css":"","site-sidebar-layout":"default","site-content-layout":"","ast-site-content-layout":"default","site-content-style":"default","site-sidebar-style":"default","ast-global-header-display":"","ast-banner-title-visibility":"","ast-main-header-display":"","ast-hfb-above-header-display":"","ast-hfb-below-header-display":"","ast-hfb-mobile-header-display":"","site-post-title":"","ast-breadcrumbs-content":"","ast-featured-img":"","footer-sml-layout":"","ast-disable-related-posts":"","theme-transparent-header-meta":"default","adv-header-id-meta":"","stick-header-meta":"","header-above-stick-meta":"","header-main-stick-meta":"","header-below-stick-meta":"","astra-migrate-meta-layouts":"set","ast-page-background-enabled":"default","ast-page-background-meta":{"desktop":{"background-color":"var(--ast-global-color-4)","background-image":"","background-repeat":"repeat","background-position":"center center","background-size":"auto","background-attachment":"scroll","background-type":"","background-media":"","overlay-type":"","overlay-color":"","overlay-opacity":"","overlay-gradient":""},"tablet":{"background-color":"","background-image":"","background-repeat":"repeat","background-position":"center center","background-size":"auto","background-attachment":"scroll","background-type":"","background-media":"","overlay-type":"","overlay-color":"","overlay-opacity":"","overlay-gradient":""},"mobile":{"background-color":"","background-image":"","background-repeat":"repeat","background-position":"center center","background-size":"auto","background-attachment":"scroll","background-type":"","background-media":"","overlay-type":"","overlay-color":"","overlay-opacity":"","overlay-gradient":""}},"ast-content-background-meta":{"desktop":{"background-color":"var(--ast-global-color-5)","background-image":"","background-repeat":"repeat","background-position":"center center","background-size":"auto","background-attachment":"scroll","background-type":"","background-media":"","overlay-type":"","overlay-color":"","overlay-opacity":"","overlay-gradient":""},"tablet":{"background-color":"var(--ast-global-color-5)","background-image":"","background-repeat":"repeat","background-position":"center center","background-size":"auto","background-attachment":"scroll","background-type":"","background-media":"","overlay-type":"","overlay-color":"","overlay-opacity":"","overlay-gradient":""},"mobile":{"background-color":"var(--ast-global-color-5)","background-image":"","background-repeat":"repeat","background-position":"center center","background-size":"auto","background-attachment":"scroll","background-type":"","background-media":"","overlay-type":"","overlay-color":"","overlay-opacity":"","overlay-gradient":""}}},"product_brand":[],"product_cat":[15],"product_tag":[],"class_list":{"0":"post-23149","1":"product","2":"type-product","3":"status-publish","4":"has-post-thumbnail","6":"product_cat-shop","7":"desktop-align-left","8":"tablet-align-left","9":"mobile-align-left","11":"first","12":"instock","13":"sale","14":"taxable","15":"shipping-taxable","16":"purchasable","17":"product-type-variable","18":"has-default-attributes"},"spectra_custom_meta":{"_visibility":["visible"],"_shopify_product_id":["1980726313023"],"_s2w_shopify_domain":["stopvarroa.myshopify.com"],"_shopify_variant_id":["15852327370815"],"_manage_stock":["no"],"total_sales":["946"],"_tax_status":["taxable"],"_tax_class":[""],"_backorders":["no"],"_sold_individually":["no"],"_virtual":["no"],"_downloadable":["no"],"_download_limit":["-1"],"_download_expiry":["-1"],"_stock":[null],"_stock_status":["instock"],"_wc_average_rating":["4.64"],"_wc_review_count":["242"],"_product_attributes":["a:1:{s:6:\"volume\";a:6:{s:4:\"name\";s:6:\"Volume\";s:5:\"value\";s:30:\"1 liter | 5 liters | 25 liters\";s:8:\"position\";i:1;s:10:\"is_visible\";i:0;s:12:\"is_variation\";i:1;s:11:\"is_taxonomy\";i:0;}}"],"_product_version":["10.5.2"],"_thumbnail_id":["23313"],"_product_image_gallery":["23314,23315"],"_edit_last":["1"],"_wp_page_template":["default"],"_edit_lock":["1773033879:382"],"_default_attributes":["a:1:{s:6:\"volume\";s:7:\"1 liter\";}"],"site-sidebar-layout":["default"],"ast-site-content-layout":["default"],"site-content-style":["default"],"site-sidebar-style":["default"],"theme-transparent-header-meta":["default"],"_price":["29.90","129.90","499.90"],"_wc_rating_count":["a:3:{i:3;i:22;i:4;i:44;i:5;i:176;}"],"merchant-center-id":["VT"],"merchant-center-category":["2869"],"merchant-center-availability":["yes"],"astra-migrate-meta-layouts":["set"],"_uag_css_file_name":["uag-css-23149.css"],"_elementor_page_assets":["a:0:{}"]},"uagb_featured_image_src":{"full":["https:\/\/www.stopvarroa.com\/wp-content\/uploads\/2025\/06\/Traitementvarroa1L_6361b532-df7e-4c86-aba9-7317a3ec8b3f.jpg",2560,2560,false],"thumbnail":["https:\/\/www.stopvarroa.com\/wp-content\/uploads\/2025\/06\/Traitementvarroa1L_6361b532-df7e-4c86-aba9-7317a3ec8b3f-150x150.jpg",150,150,true],"medium":["https:\/\/www.stopvarroa.com\/wp-content\/uploads\/2025\/06\/Traitementvarroa1L_6361b532-df7e-4c86-aba9-7317a3ec8b3f-300x300.jpg",300,300,true],"medium_large":["https:\/\/www.stopvarroa.com\/wp-content\/uploads\/2025\/06\/Traitementvarroa1L_6361b532-df7e-4c86-aba9-7317a3ec8b3f-768x768.jpg",768,768,true],"large":["https:\/\/www.stopvarroa.com\/wp-content\/uploads\/2025\/06\/Traitementvarroa1L_6361b532-df7e-4c86-aba9-7317a3ec8b3f-1024x1024.jpg",1024,1024,true],"1536x1536":["https:\/\/www.stopvarroa.com\/wp-content\/uploads\/2025\/06\/Traitementvarroa1L_6361b532-df7e-4c86-aba9-7317a3ec8b3f-1536x1536.jpg",1536,1536,true],"2048x2048":["https:\/\/www.stopvarroa.com\/wp-content\/uploads\/2025\/06\/Traitementvarroa1L_6361b532-df7e-4c86-aba9-7317a3ec8b3f-2048x2048.jpg",2048,2048,true],"trp-custom-language-flag":["https:\/\/www.stopvarroa.com\/wp-content\/uploads\/2025\/06\/Traitementvarroa1L_6361b532-df7e-4c86-aba9-7317a3ec8b3f-12x12.jpg",12,12,true],"woocommerce_thumbnail":["https:\/\/www.stopvarroa.com\/wp-content\/uploads\/2025\/06\/Traitementvarroa1L_6361b532-df7e-4c86-aba9-7317a3ec8b3f-300x300.jpg",300,300,true],"woocommerce_single":["https:\/\/www.stopvarroa.com\/wp-content\/uploads\/2025\/06\/Traitementvarroa1L_6361b532-df7e-4c86-aba9-7317a3ec8b3f-600x600.jpg",600,600,true],"woocommerce_gallery_thumbnail":["https:\/\/www.stopvarroa.com\/wp-content\/uploads\/2025\/06\/Traitementvarroa1L_6361b532-df7e-4c86-aba9-7317a3ec8b3f-100x100.jpg",100,100,true]},"uagb_author_info":{"display_name":"admin","author_link":"https:\/\/www.stopvarroa.com\/pl\/author\/"},"uagb_comment_info":242,"uagb_excerpt":"Eliminates varroa mites within 24 hours for rapid hive protection. Our varroa treatment is specially formulated to act quickly and efficiently, eliminating destructive varroa mites in just 24 hours after application. Fast action is essential to protect brood, adult bees, and the overall strength of the colony. The most effective anti-varroa solution available. Developed with&hellip;","_links":{"self":[{"href":"https:\/\/www.stopvarroa.com\/pl\/wp-json\/wp\/v2\/product\/23149","targetHints":{"allow":["GET"]}}],"collection":[{"href":"https:\/\/www.stopvarroa.com\/pl\/wp-json\/wp\/v2\/product"}],"about":[{"href":"https:\/\/www.stopvarroa.com\/pl\/wp-json\/wp\/v2\/types\/product"}],"replies":[{"embeddable":true,"href":"https:\/\/www.stopvarroa.com\/pl\/wp-json\/wp\/v2\/comments?post=23149"}],"version-history":[{"count":6,"href":"https:\/\/www.stopvarroa.com\/pl\/wp-json\/wp\/v2\/product\/23149\/revisions"}],"predecessor-version":[{"id":25319,"href":"https:\/\/www.stopvarroa.com\/pl\/wp-json\/wp\/v2\/product\/23149\/revisions\/25319"}],"wp:featuredmedia":[{"embeddable":true,"href":"https:\/\/www.stopvarroa.com\/pl\/wp-json\/wp\/v2\/media\/23313"}],"wp:attachment":[{"href":"https:\/\/www.stopvarroa.com\/pl\/wp-json\/wp\/v2\/media?parent=23149"}],"wp:term":[{"taxonomy":"product_brand","embeddable":true,"href":"https:\/\/www.stopvarroa.com\/pl\/wp-json\/wp\/v2\/product_brand?post=23149"},{"taxonomy":"product_cat","embeddable":true,"href":"https:\/\/www.stopvarroa.com\/pl\/wp-json\/wp\/v2\/product_cat?post=23149"},{"taxonomy":"product_tag","embeddable":true,"href":"https:\/\/www.stopvarroa.com\/pl\/wp-json\/wp\/v2\/product_tag?post=23149"}],"curies":[{"name":"wp","href":"https:\/\/api.w.org\/{rel}","templated":true}]}}