{"id":23149,"date":"2025-06-10T21:06:24","date_gmt":"2025-06-10T19:06:24","guid":{"rendered":"https:\/\/www.stopvarroa.com\/products\/varroa-treatment\/"},"modified":"2026-03-01T17:59:31","modified_gmt":"2026-03-01T16:59:31","slug":"varroa-treatment","status":"publish","type":"product","link":"https:\/\/www.stopvarroa.com\/hu\/products\/varroa-treatment\/","title":{"rendered":"Varroa kezel\u00e9s"},"content":{"rendered":"<p><strong><img decoding=\"async\" style=\"margin-right: 12px;\" src=\"https:\/\/www.stopvarroa.com\/wp-content\/uploads\/2026\/02\/Check.svg\" alt=\"\" width=\"18\" height=\"15\" \/>24 \u00f3r\u00e1n bel\u00fcl elt\u00e1vol\u00edtja a varroa atk\u00e1kat a kapt\u00e1rak gyors v\u00e9delme \u00e9rdek\u00e9ben.<\/strong> A varroa elleni kezel\u00e9s\u00fcnket kifejezetten \u00fagy \u00e1ll\u00edtottuk \u00f6ssze, hogy gyorsan \u00e9s hat\u00e9konyan fejtse ki hat\u00e1s\u00e1t, \u00e9s m\u00e1r 24 \u00f3r\u00e1val az alkalmaz\u00e1st k\u00f6vet\u0151en elpuszt\u00edtsa a puszt\u00edt\u00f3 varroa atk\u00e1kat. A gyors hat\u00e1s elengedhetetlen a k\u00f6lt\u00e9s, a kifejlett m\u00e9hek \u00e9s a m\u00e9hcsal\u00e1d \u00e1ltal\u00e1nos erej\u00e9nek v\u00e9delme \u00e9rdek\u00e9ben.<\/p>\n<p><strong><img decoding=\"async\" style=\"margin-right: 12px;\" src=\"https:\/\/www.stopvarroa.com\/wp-content\/uploads\/2026\/02\/Check.svg\" alt=\"\" width=\"18\" height=\"15\" \/>Az el\u00e9rhet\u0151 leghat\u00e9konyabb varroa elleni megold\u00e1s.<\/strong> A nagy teljes\u00edtm\u00e9ny\u0171 hat\u00f3anyagokkal kifejlesztett kezel\u00e9s k\u00f6zvetlen\u00fcl az \u00e9rintkez\u00e9skor t\u00e1madja meg az atk\u00e1kat, mik\u00f6zben maxim\u00e1lis fedetts\u00e9get biztos\u00edt a keret mindk\u00e9t oldal\u00e1n. M\u00e9g az er\u0151sen fert\u0151z\u00f6tt kapt\u00e1rakban is k\u00f6vetkezetes \u00e9s megb\u00edzhat\u00f3 eredm\u00e9nyeket biztos\u00edt.<\/p>\n<p><strong><img decoding=\"async\" style=\"margin-right: 12px;\" src=\"https:\/\/www.stopvarroa.com\/wp-content\/uploads\/2026\/02\/Check.svg\" alt=\"\" width=\"18\" height=\"15\" \/>A legolcs\u00f3bb professzion\u00e1lis varroa elleni kezel\u00e9s a piacon.<\/strong> A legversenyk\u00e9pesebb \u00e1rat k\u00edn\u00e1ljuk an\u00e9lk\u00fcl, hogy kompromisszumot k\u00f6tn\u00e9nk a min\u0151s\u00e9g vagy a hat\u00e9konys\u00e1g ter\u00e9n. A m\u00e9h\u00e9szek megfizethet\u0151 \u00e1ron jutnak pr\u00e9mium v\u00e9delemhez, ak\u00e1r n\u00e9h\u00e1ny m\u00e9hcsal\u00e1dot, ak\u00e1r egy eg\u00e9sz m\u00e9h\u00e9szetet kezelnek.<\/p>\n<p><strong><img decoding=\"async\" style=\"margin-right: 12px;\" src=\"https:\/\/www.stopvarroa.com\/wp-content\/uploads\/2026\/02\/Check.svg\" alt=\"\" width=\"18\" height=\"15\" \/>24 \u00f3r\u00e1s sz\u00e1ll\u00edt\u00e1s a telepek k\u00e9sedelem n\u00e9lk\u00fcli v\u00e9delme \u00e9rdek\u00e9ben.<\/strong> Garant\u00e1ljuk a 24 \u00f3r\u00e1s sz\u00e1ll\u00edt\u00e1st, hogy azonnal reag\u00e1lni tudjon a varroafert\u0151z\u00e9sre. A gyors sz\u00e1ll\u00edt\u00e1s seg\u00edt megel\u0151zni a kol\u00f3ni\u00e1k meggyeng\u00fcl\u00e9s\u00e9t \u00e9s cs\u00f6kkenti a hossz\u00fa t\u00e1v\u00fa k\u00e1rok kock\u00e1zat\u00e1t.<\/p>\n<p><strong><img decoding=\"async\" style=\"margin-right: 12px;\" src=\"https:\/\/www.stopvarroa.com\/wp-content\/uploads\/2026\/02\/Check.svg\" alt=\"\" width=\"18\" height=\"15\" \/>P\u00e9nzvisszafizet\u00e9si garancia a teljes nyugalom\u00e9rt.<\/strong> Teljes p\u00e9nzvisszafizet\u00e9si garanci\u00e1t k\u00edn\u00e1lunk. Ha nem teljesen el\u00e9gedett a varroakezel\u00e9s\u00fcnk eredm\u00e9ny\u00e9vel, visszat\u00e9r\u00edtj\u00fck a v\u00e9tel\u00e1rat. Az \u00d6n befektet\u00e9se teljesen kock\u00e1zatmentes.<\/p>\n<p><strong><img decoding=\"async\" style=\"margin-right: 12px;\" src=\"https:\/\/www.stopvarroa.com\/wp-content\/uploads\/2026\/02\/Check.svg\" alt=\"\" width=\"18\" height=\"15\" \/>Alkalmas \u00f6kol\u00f3giai m\u00e9h\u00e9szeti gyakorlatokhoz.<\/strong> Ez a kezel\u00e9s \u00f6sszeegyeztethet\u0151 a biogazd\u00e1lkod\u00e1sra vonatkoz\u00f3 el\u0151\u00edr\u00e1sokkal, lehet\u0151v\u00e9 t\u00e9ve a m\u00e9hcsal\u00e1dok v\u00e9delm\u00e9t a felel\u0151s \u00e9s fenntarthat\u00f3 termel\u00e9si m\u00f3dszerek fenntart\u00e1sa mellett.<\/p>\n<p><strong><img decoding=\"async\" style=\"margin-right: 12px;\" src=\"https:\/\/www.stopvarroa.com\/wp-content\/uploads\/2026\/02\/Check.svg\" alt=\"\" width=\"18\" height=\"15\" \/>K\u00f6nny\u0171 permetez\u00e9s a pontos lefedetts\u00e9g \u00e9rdek\u00e9ben.<\/strong> A term\u00e9ket egy praktikus sz\u00f3r\u00f3fejes flakonban sz\u00e1ll\u00edtjuk, \u00e9s k\u00f6zvetlen\u00fcl a keretek mindk\u00e9t oldal\u00e1ra kell felvinni. Ez biztos\u00edtja a k\u00f6zvetlen \u00e9rintkez\u00e9st a m\u00e9heken \u00e9s a k\u00f6lt\u0151bolyhok ter\u00fclet\u00e9n jelen l\u00e9v\u0151 atk\u00e1kkal.<\/p>\n<p><strong><img decoding=\"async\" style=\"margin-right: 12px;\" src=\"https:\/\/www.stopvarroa.com\/wp-content\/uploads\/2026\/02\/Check.svg\" alt=\"\" width=\"18\" height=\"15\" \/>Magas lefedetts\u00e9g, literenk\u00e9nt ak\u00e1r 20 m\u00e9hcsal\u00e1ddal.<\/strong> Egy liter term\u00e9k ak\u00e1r 20 kapt\u00e1r kezel\u00e9s\u00e9re is alkalmas, ami kiv\u00e1l\u00f3 k\u00f6lts\u00e9ghat\u00e9konys\u00e1got biztos\u00edt, \u00e9s alkalmass\u00e1 teszi mind a kis\u00fczemi, mind a hivat\u00e1sos m\u00e9h\u00e9szek sz\u00e1m\u00e1ra.<\/p>\n<p><strong><img decoding=\"async\" style=\"margin-right: 12px;\" src=\"https:\/\/www.stopvarroa.com\/wp-content\/uploads\/2026\/02\/Check.svg\" alt=\"\" width=\"18\" height=\"15\" \/>A m\u00e9hek sz\u00e1m\u00e1ra biztons\u00e1gos, ha el\u0151\u00edr\u00e1s szerint haszn\u00e1lj\u00e1k.<\/strong> A kiegyens\u00falyozott \u00f6sszet\u00e9tel\u0171 k\u00e9sz\u00edtm\u00e9nyt \u00fagy tervezt\u00e9k, hogy az atk\u00e1kat elt\u00e1vol\u00edtsa, mik\u00f6zben tiszteletben tartja a kol\u00f3nia eg\u00e9szs\u00e9g\u00e9t, ha az aj\u00e1nlott utas\u00edt\u00e1soknak megfelel\u0151en alkalmazz\u00e1k.<\/p>\n<p><strong><img decoding=\"async\" style=\"margin-right: 12px;\" src=\"https:\/\/www.stopvarroa.com\/wp-content\/uploads\/2026\/02\/Check.svg\" alt=\"\" width=\"18\" height=\"15\" \/>Er\u0151s\u00edti a telepek vitalit\u00e1s\u00e1t \u00e9s termel\u00e9kenys\u00e9g\u00e9t.<\/strong> Az atkanyom\u00e1s gyors cs\u00f6kkent\u00e9s\u00e9vel a kezel\u00e9s seg\u00edt fenntartani az eg\u00e9szs\u00e9ges k\u00f6lt\u00e9sfejl\u0151d\u00e9st, az er\u0151sebb dolgoz\u00f3\u00e1llom\u00e1nyt \u00e9s a jobb m\u00e9ztermel\u0151 k\u00e9pess\u00e9get.<\/p>\n<h2><strong>Utas\u00edt\u00e1sok<\/strong><\/h2>\n<ul>\n<li>Haszn\u00e1lat el\u0151tt j\u00f3l r\u00e1zza fel a sz\u00f3r\u00f3fejes flakont, hogy a hat\u00f3anyagok megfelel\u0151en \u00f6sszekeveredjenek.<\/li>\n<li>A kezel\u00e9st alacsony m\u00e9z\u00e1raml\u00e1s idej\u00e9n \u00e9s lehet\u0151leg m\u00e9rs\u00e9kelt h\u0151m\u00e9rs\u00e9kleten kell alkalmazni.<\/li>\n<li>\u00d3vatosan nyissa ki a kapt\u00e1rt, \u00e9s egyes\u00e9vel vegye ki az egyes kereteket.<\/li>\n<li>A term\u00e9ket egyenletesen permetezze be minden egyes keret mindk\u00e9t oldal\u00e1ra, biztos\u00edtva a m\u00e9hek \u00e9s a k\u00f6lt\u0151hely alapos lefedetts\u00e9g\u00e9t.<\/li>\n<li>Haszn\u00e1ljon k\u00f6r\u00fclbel\u00fcl 50 ml term\u00e9ket kapt\u00e1rank\u00e9nt, \u00edgy 1 literrel legfeljebb 20 kapt\u00e1rat lehet kezelni.<\/li>\n<li>A maxim\u00e1lis hat\u00e9konys\u00e1g \u00e9rdek\u00e9ben gy\u0151z\u0151dj\u00f6n meg arr\u00f3l, hogy a kapt\u00e1rban l\u00e9v\u0151 \u00f6sszes keretet kezelte.<\/li>\n<li>A permetez\u00e9s ut\u00e1n helyezze vissza a kereteket eredeti hely\u00fckre a kapt\u00e1rban.<\/li>\n<li>Z\u00e1rja be a kapt\u00e1rat, \u00e9s legal\u00e1bb 24 \u00f3r\u00e1n kereszt\u00fcl ne zavarja a kol\u00f3ni\u00e1t.<\/li>\n<li>A hat\u00e9konys\u00e1g \u00e9rt\u00e9kel\u00e9se \u00e9rdek\u00e9ben a k\u00f6vetkez\u0151 napokban ellen\u0151rizze az atk\u00e1k cs\u00f6kken\u00e9s\u00e9t \u00e9s a kol\u00f3nia \u00e1llapot\u00e1t.<\/li>\n<li>A kezel\u00e9st sz\u00fcks\u00e9g eset\u00e9n a fert\u0151z\u00f6tts\u00e9gi szintnek \u00e9s a szezon\u00e1lis gazd\u00e1lkod\u00e1si gyakorlatnak megfelel\u0151en meg kell ism\u00e9telni.<\/li>\n<\/ul>","protected":false},"excerpt":{"rendered":"<p>Eliminates varroa mites within 24 hours for rapid hive protection. Our varroa treatment is specially formulated to act quickly and efficiently, eliminating destructive varroa mites in just 24 hours after application. Fast action is essential to protect brood, adult bees, and the overall strength of the colony. The most effective anti-varroa solution available. Developed with [&hellip;]<\/p>\n","protected":false},"featured_media":23313,"comment_status":"open","ping_status":"closed","template":"","meta":{"_uag_custom_page_level_css":"","site-sidebar-layout":"default","site-content-layout":"","ast-site-content-layout":"default","site-content-style":"default","site-sidebar-style":"default","ast-global-header-display":"","ast-banner-title-visibility":"","ast-main-header-display":"","ast-hfb-above-header-display":"","ast-hfb-below-header-display":"","ast-hfb-mobile-header-display":"","site-post-title":"","ast-breadcrumbs-content":"","ast-featured-img":"","footer-sml-layout":"","ast-disable-related-posts":"","theme-transparent-header-meta":"default","adv-header-id-meta":"","stick-header-meta":"","header-above-stick-meta":"","header-main-stick-meta":"","header-below-stick-meta":"","astra-migrate-meta-layouts":"set","ast-page-background-enabled":"default","ast-page-background-meta":{"desktop":{"background-color":"var(--ast-global-color-4)","background-image":"","background-repeat":"repeat","background-position":"center center","background-size":"auto","background-attachment":"scroll","background-type":"","background-media":"","overlay-type":"","overlay-color":"","overlay-opacity":"","overlay-gradient":""},"tablet":{"background-color":"","background-image":"","background-repeat":"repeat","background-position":"center center","background-size":"auto","background-attachment":"scroll","background-type":"","background-media":"","overlay-type":"","overlay-color":"","overlay-opacity":"","overlay-gradient":""},"mobile":{"background-color":"","background-image":"","background-repeat":"repeat","background-position":"center center","background-size":"auto","background-attachment":"scroll","background-type":"","background-media":"","overlay-type":"","overlay-color":"","overlay-opacity":"","overlay-gradient":""}},"ast-content-background-meta":{"desktop":{"background-color":"var(--ast-global-color-5)","background-image":"","background-repeat":"repeat","background-position":"center center","background-size":"auto","background-attachment":"scroll","background-type":"","background-media":"","overlay-type":"","overlay-color":"","overlay-opacity":"","overlay-gradient":""},"tablet":{"background-color":"var(--ast-global-color-5)","background-image":"","background-repeat":"repeat","background-position":"center center","background-size":"auto","background-attachment":"scroll","background-type":"","background-media":"","overlay-type":"","overlay-color":"","overlay-opacity":"","overlay-gradient":""},"mobile":{"background-color":"var(--ast-global-color-5)","background-image":"","background-repeat":"repeat","background-position":"center center","background-size":"auto","background-attachment":"scroll","background-type":"","background-media":"","overlay-type":"","overlay-color":"","overlay-opacity":"","overlay-gradient":""}}},"product_brand":[],"product_cat":[15],"product_tag":[],"class_list":{"0":"post-23149","1":"product","2":"type-product","3":"status-publish","4":"has-post-thumbnail","6":"product_cat-shop","7":"desktop-align-left","8":"tablet-align-left","9":"mobile-align-left","11":"first","12":"instock","13":"sale","14":"taxable","15":"shipping-taxable","16":"purchasable","17":"product-type-variable","18":"has-default-attributes"},"spectra_custom_meta":{"_visibility":["visible"],"_shopify_product_id":["1980726313023"],"_s2w_shopify_domain":["stopvarroa.myshopify.com"],"_shopify_variant_id":["15852327370815"],"_manage_stock":["no"],"total_sales":["946"],"_tax_status":["taxable"],"_tax_class":[""],"_backorders":["no"],"_sold_individually":["no"],"_virtual":["no"],"_downloadable":["no"],"_download_limit":["-1"],"_download_expiry":["-1"],"_stock":[null],"_stock_status":["instock"],"_wc_average_rating":["4.64"],"_wc_review_count":["242"],"_product_attributes":["a:1:{s:6:\"volume\";a:6:{s:4:\"name\";s:6:\"Volume\";s:5:\"value\";s:30:\"1 liter | 5 liters | 25 liters\";s:8:\"position\";i:1;s:10:\"is_visible\";i:0;s:12:\"is_variation\";i:1;s:11:\"is_taxonomy\";i:0;}}"],"_product_version":["10.5.2"],"_thumbnail_id":["23313"],"_product_image_gallery":["23314,23315"],"_edit_last":["1"],"_wp_page_template":["default"],"_edit_lock":["1773033879:382"],"_default_attributes":["a:1:{s:6:\"volume\";s:7:\"1 liter\";}"],"site-sidebar-layout":["default"],"ast-site-content-layout":["default"],"site-content-style":["default"],"site-sidebar-style":["default"],"theme-transparent-header-meta":["default"],"_price":["29.90","129.90","499.90"],"_wc_rating_count":["a:3:{i:3;i:22;i:4;i:44;i:5;i:176;}"],"merchant-center-id":["VT"],"merchant-center-category":["2869"],"merchant-center-availability":["yes"],"astra-migrate-meta-layouts":["set"],"_uag_css_file_name":["uag-css-23149.css"],"_elementor_page_assets":["a:0:{}"]},"uagb_featured_image_src":{"full":["https:\/\/www.stopvarroa.com\/wp-content\/uploads\/2025\/06\/Traitementvarroa1L_6361b532-df7e-4c86-aba9-7317a3ec8b3f.jpg",2560,2560,false],"thumbnail":["https:\/\/www.stopvarroa.com\/wp-content\/uploads\/2025\/06\/Traitementvarroa1L_6361b532-df7e-4c86-aba9-7317a3ec8b3f-150x150.jpg",150,150,true],"medium":["https:\/\/www.stopvarroa.com\/wp-content\/uploads\/2025\/06\/Traitementvarroa1L_6361b532-df7e-4c86-aba9-7317a3ec8b3f-300x300.jpg",300,300,true],"medium_large":["https:\/\/www.stopvarroa.com\/wp-content\/uploads\/2025\/06\/Traitementvarroa1L_6361b532-df7e-4c86-aba9-7317a3ec8b3f-768x768.jpg",768,768,true],"large":["https:\/\/www.stopvarroa.com\/wp-content\/uploads\/2025\/06\/Traitementvarroa1L_6361b532-df7e-4c86-aba9-7317a3ec8b3f-1024x1024.jpg",1024,1024,true],"1536x1536":["https:\/\/www.stopvarroa.com\/wp-content\/uploads\/2025\/06\/Traitementvarroa1L_6361b532-df7e-4c86-aba9-7317a3ec8b3f-1536x1536.jpg",1536,1536,true],"2048x2048":["https:\/\/www.stopvarroa.com\/wp-content\/uploads\/2025\/06\/Traitementvarroa1L_6361b532-df7e-4c86-aba9-7317a3ec8b3f-2048x2048.jpg",2048,2048,true],"trp-custom-language-flag":["https:\/\/www.stopvarroa.com\/wp-content\/uploads\/2025\/06\/Traitementvarroa1L_6361b532-df7e-4c86-aba9-7317a3ec8b3f-12x12.jpg",12,12,true],"woocommerce_thumbnail":["https:\/\/www.stopvarroa.com\/wp-content\/uploads\/2025\/06\/Traitementvarroa1L_6361b532-df7e-4c86-aba9-7317a3ec8b3f-300x300.jpg",300,300,true],"woocommerce_single":["https:\/\/www.stopvarroa.com\/wp-content\/uploads\/2025\/06\/Traitementvarroa1L_6361b532-df7e-4c86-aba9-7317a3ec8b3f-600x600.jpg",600,600,true],"woocommerce_gallery_thumbnail":["https:\/\/www.stopvarroa.com\/wp-content\/uploads\/2025\/06\/Traitementvarroa1L_6361b532-df7e-4c86-aba9-7317a3ec8b3f-100x100.jpg",100,100,true]},"uagb_author_info":{"display_name":"admin","author_link":"https:\/\/www.stopvarroa.com\/hu\/author\/"},"uagb_comment_info":242,"uagb_excerpt":"Eliminates varroa mites within 24 hours for rapid hive protection. Our varroa treatment is specially formulated to act quickly and efficiently, eliminating destructive varroa mites in just 24 hours after application. Fast action is essential to protect brood, adult bees, and the overall strength of the colony. The most effective anti-varroa solution available. Developed with&hellip;","_links":{"self":[{"href":"https:\/\/www.stopvarroa.com\/hu\/wp-json\/wp\/v2\/product\/23149","targetHints":{"allow":["GET"]}}],"collection":[{"href":"https:\/\/www.stopvarroa.com\/hu\/wp-json\/wp\/v2\/product"}],"about":[{"href":"https:\/\/www.stopvarroa.com\/hu\/wp-json\/wp\/v2\/types\/product"}],"replies":[{"embeddable":true,"href":"https:\/\/www.stopvarroa.com\/hu\/wp-json\/wp\/v2\/comments?post=23149"}],"version-history":[{"count":6,"href":"https:\/\/www.stopvarroa.com\/hu\/wp-json\/wp\/v2\/product\/23149\/revisions"}],"predecessor-version":[{"id":25319,"href":"https:\/\/www.stopvarroa.com\/hu\/wp-json\/wp\/v2\/product\/23149\/revisions\/25319"}],"wp:featuredmedia":[{"embeddable":true,"href":"https:\/\/www.stopvarroa.com\/hu\/wp-json\/wp\/v2\/media\/23313"}],"wp:attachment":[{"href":"https:\/\/www.stopvarroa.com\/hu\/wp-json\/wp\/v2\/media?parent=23149"}],"wp:term":[{"taxonomy":"product_brand","embeddable":true,"href":"https:\/\/www.stopvarroa.com\/hu\/wp-json\/wp\/v2\/product_brand?post=23149"},{"taxonomy":"product_cat","embeddable":true,"href":"https:\/\/www.stopvarroa.com\/hu\/wp-json\/wp\/v2\/product_cat?post=23149"},{"taxonomy":"product_tag","embeddable":true,"href":"https:\/\/www.stopvarroa.com\/hu\/wp-json\/wp\/v2\/product_tag?post=23149"}],"curies":[{"name":"wp","href":"https:\/\/api.w.org\/{rel}","templated":true}]}}