{"id":23149,"date":"2025-06-10T21:06:24","date_gmt":"2025-06-10T19:06:24","guid":{"rendered":"https:\/\/www.stopvarroa.com\/products\/varroa-treatment\/"},"modified":"2026-03-01T17:59:31","modified_gmt":"2026-03-01T16:59:31","slug":"varroa-treatment","status":"publish","type":"product","link":"https:\/\/www.stopvarroa.com\/es\/products\/varroa-treatment\/","title":{"rendered":"Tratamiento contra la varroa"},"content":{"rendered":"<p><strong><img decoding=\"async\" style=\"margin-right: 12px;\" src=\"https:\/\/www.stopvarroa.com\/wp-content\/uploads\/2026\/02\/Check.svg\" alt=\"\" width=\"18\" height=\"15\" \/>Elimina los \u00e1caros Varroa en 24 horas para una r\u00e1pida protecci\u00f3n de las colmenas.<\/strong> Nuestro tratamiento contra la varroasis est\u00e1 especialmente formulado para actuar con rapidez y eficacia, eliminando los destructivos \u00e1caros de la varroasis en s\u00f3lo 24 horas tras su aplicaci\u00f3n. Una acci\u00f3n r\u00e1pida es esencial para proteger la cr\u00eda, las abejas adultas y la fortaleza general de la colonia.<\/p>\n<p><strong><img decoding=\"async\" style=\"margin-right: 12px;\" src=\"https:\/\/www.stopvarroa.com\/wp-content\/uploads\/2026\/02\/Check.svg\" alt=\"\" width=\"18\" height=\"15\" \/>La soluci\u00f3n antivarroa m\u00e1s eficaz del mercado.<\/strong> Desarrollado con ingredientes activos de alto rendimiento, este tratamiento ataca a los \u00e1caros directamente al contacto, al tiempo que garantiza la m\u00e1xima cobertura en ambos lados de los marcos. Ofrece resultados constantes y fiables incluso en colmenas muy infestadas.<\/p>\n<p><strong><img decoding=\"async\" style=\"margin-right: 12px;\" src=\"https:\/\/www.stopvarroa.com\/wp-content\/uploads\/2026\/02\/Check.svg\" alt=\"\" width=\"18\" height=\"15\" \/>El tratamiento antivarroa profesional m\u00e1s barato del mercado.<\/strong> Ofrecemos el precio m\u00e1s competitivo sin comprometer la calidad ni la eficacia. Los apicultores se benefician de una protecci\u00f3n de primera calidad a un coste asequible, tanto si gestionan unas pocas colmenas como un colmenar entero.<\/p>\n<p><strong><img decoding=\"async\" style=\"margin-right: 12px;\" src=\"https:\/\/www.stopvarroa.com\/wp-content\/uploads\/2026\/02\/Check.svg\" alt=\"\" width=\"18\" height=\"15\" \/>Entrega en 24 horas para proteger sus colonias sin demora.<\/strong> Garantizamos la entrega en 24 horas para que pueda responder inmediatamente a las infestaciones de varroa. El env\u00edo r\u00e1pido ayuda a prevenir el debilitamiento de la colonia y reduce el riesgo de da\u00f1os a largo plazo.<\/p>\n<p><strong><img decoding=\"async\" style=\"margin-right: 12px;\" src=\"https:\/\/www.stopvarroa.com\/wp-content\/uploads\/2026\/02\/Check.svg\" alt=\"\" width=\"18\" height=\"15\" \/>Garant\u00eda de devoluci\u00f3n del dinero para su total tranquilidad.<\/strong> Ofrecemos una garant\u00eda total de devoluci\u00f3n del dinero. Si no est\u00e1 completamente satisfecho con los resultados de nuestro tratamiento contra la varroasis, le devolveremos el importe de su compra. Su inversi\u00f3n est\u00e1 completamente libre de riesgos.<\/p>\n<p><strong><img decoding=\"async\" style=\"margin-right: 12px;\" src=\"https:\/\/www.stopvarroa.com\/wp-content\/uploads\/2026\/02\/Check.svg\" alt=\"\" width=\"18\" height=\"15\" \/>Apto para pr\u00e1cticas de apicultura ecol\u00f3gica.<\/strong> Este tratamiento es compatible con las normas de la apicultura ecol\u00f3gica, lo que le permite proteger sus colmenas al tiempo que mantiene m\u00e9todos de producci\u00f3n responsables y sostenibles.<\/p>\n<p><strong><img decoding=\"async\" style=\"margin-right: 12px;\" src=\"https:\/\/www.stopvarroa.com\/wp-content\/uploads\/2026\/02\/Check.svg\" alt=\"\" width=\"18\" height=\"15\" \/>F\u00e1cil aplicaci\u00f3n con pulverizador para una cobertura precisa.<\/strong> El producto se suministra en un c\u00f3modo frasco pulverizador y se aplica directamente en ambas caras de los marcos. De este modo se garantiza el contacto directo con los \u00e1caros presentes en las abejas y las zonas de cr\u00eda.<\/p>\n<p><strong><img decoding=\"async\" style=\"margin-right: 12px;\" src=\"https:\/\/www.stopvarroa.com\/wp-content\/uploads\/2026\/02\/Check.svg\" alt=\"\" width=\"18\" height=\"15\" \/>Alta cobertura con hasta 20 colmenas por litro.<\/strong> Un litro de producto puede tratar hasta 20 colmenas, lo que ofrece una excelente rentabilidad y lo hace adecuado tanto para los apicultores a peque\u00f1a escala como para los profesionales.<\/p>\n<p><strong><img decoding=\"async\" style=\"margin-right: 12px;\" src=\"https:\/\/www.stopvarroa.com\/wp-content\/uploads\/2026\/02\/Check.svg\" alt=\"\" width=\"18\" height=\"15\" \/>Seguro para las abejas si se utiliza seg\u00fan las indicaciones.<\/strong> La f\u00f3rmula equilibrada est\u00e1 dise\u00f1ada para eliminar los \u00e1caros respetando la salud de la colonia cuando se aplica seg\u00fan las instrucciones recomendadas.<\/p>\n<p><strong><img decoding=\"async\" style=\"margin-right: 12px;\" src=\"https:\/\/www.stopvarroa.com\/wp-content\/uploads\/2026\/02\/Check.svg\" alt=\"\" width=\"18\" height=\"15\" \/>Refuerza la vitalidad y la productividad de las colonias.<\/strong> Al reducir r\u00e1pidamente la presi\u00f3n de los \u00e1caros, el tratamiento ayuda a mantener un desarrollo sano de las cr\u00edas, poblaciones de obreras m\u00e1s fuertes y un mayor potencial de producci\u00f3n de miel.<\/p>\n<h2><strong>Instrucciones<\/strong><\/h2>\n<ul>\n<li>Agite bien el frasco pulverizador antes de usarlo para garantizar una mezcla adecuada de los ingredientes activos.<\/li>\n<li>Aplique el tratamiento durante los periodos de bajo flujo de miel y preferiblemente cuando las temperaturas sean moderadas.<\/li>\n<li>Abra la colmena con cuidado y retire los marcos uno a uno.<\/li>\n<li>Pulverice el producto uniformemente en ambos lados de cada marco, asegur\u00e1ndose de cubrir completamente las abejas y las zonas de cr\u00eda.<\/li>\n<li>Utilice aproximadamente 50 ml de producto por colmena, con lo que 1 litro servir\u00e1 para tratar hasta 20 colmenas.<\/li>\n<li>Aseg\u00farese de tratar todos los cuadros de la colmena para obtener la m\u00e1xima eficacia.<\/li>\n<li>Tras la pulverizaci\u00f3n, devuelva los marcos a su posici\u00f3n original dentro de la colmena.<\/li>\n<li>Cierre la colmena y evite molestar a la colonia durante al menos 24 horas.<\/li>\n<li>Controlar la ca\u00edda de \u00e1caros y el estado de la colonia durante los d\u00edas siguientes para evaluar la eficacia.<\/li>\n<li>Repita el tratamiento si es necesario en funci\u00f3n de los niveles de infestaci\u00f3n y de las pr\u00e1cticas de gesti\u00f3n estacionales.<\/li>\n<\/ul>","protected":false},"excerpt":{"rendered":"<p>Eliminates varroa mites within 24 hours for rapid hive protection. Our varroa treatment is specially formulated to act quickly and efficiently, eliminating destructive varroa mites in just 24 hours after application. Fast action is essential to protect brood, adult bees, and the overall strength of the colony. The most effective anti-varroa solution available. Developed with [&hellip;]<\/p>\n","protected":false},"featured_media":23313,"comment_status":"open","ping_status":"closed","template":"","meta":{"_uag_custom_page_level_css":"","site-sidebar-layout":"default","site-content-layout":"","ast-site-content-layout":"default","site-content-style":"default","site-sidebar-style":"default","ast-global-header-display":"","ast-banner-title-visibility":"","ast-main-header-display":"","ast-hfb-above-header-display":"","ast-hfb-below-header-display":"","ast-hfb-mobile-header-display":"","site-post-title":"","ast-breadcrumbs-content":"","ast-featured-img":"","footer-sml-layout":"","ast-disable-related-posts":"","theme-transparent-header-meta":"default","adv-header-id-meta":"","stick-header-meta":"","header-above-stick-meta":"","header-main-stick-meta":"","header-below-stick-meta":"","astra-migrate-meta-layouts":"set","ast-page-background-enabled":"default","ast-page-background-meta":{"desktop":{"background-color":"var(--ast-global-color-4)","background-image":"","background-repeat":"repeat","background-position":"center center","background-size":"auto","background-attachment":"scroll","background-type":"","background-media":"","overlay-type":"","overlay-color":"","overlay-opacity":"","overlay-gradient":""},"tablet":{"background-color":"","background-image":"","background-repeat":"repeat","background-position":"center center","background-size":"auto","background-attachment":"scroll","background-type":"","background-media":"","overlay-type":"","overlay-color":"","overlay-opacity":"","overlay-gradient":""},"mobile":{"background-color":"","background-image":"","background-repeat":"repeat","background-position":"center center","background-size":"auto","background-attachment":"scroll","background-type":"","background-media":"","overlay-type":"","overlay-color":"","overlay-opacity":"","overlay-gradient":""}},"ast-content-background-meta":{"desktop":{"background-color":"var(--ast-global-color-5)","background-image":"","background-repeat":"repeat","background-position":"center center","background-size":"auto","background-attachment":"scroll","background-type":"","background-media":"","overlay-type":"","overlay-color":"","overlay-opacity":"","overlay-gradient":""},"tablet":{"background-color":"var(--ast-global-color-5)","background-image":"","background-repeat":"repeat","background-position":"center center","background-size":"auto","background-attachment":"scroll","background-type":"","background-media":"","overlay-type":"","overlay-color":"","overlay-opacity":"","overlay-gradient":""},"mobile":{"background-color":"var(--ast-global-color-5)","background-image":"","background-repeat":"repeat","background-position":"center center","background-size":"auto","background-attachment":"scroll","background-type":"","background-media":"","overlay-type":"","overlay-color":"","overlay-opacity":"","overlay-gradient":""}}},"product_brand":[],"product_cat":[15],"product_tag":[],"class_list":{"0":"post-23149","1":"product","2":"type-product","3":"status-publish","4":"has-post-thumbnail","6":"product_cat-shop","7":"desktop-align-left","8":"tablet-align-left","9":"mobile-align-left","11":"first","12":"instock","13":"sale","14":"taxable","15":"shipping-taxable","16":"purchasable","17":"product-type-variable","18":"has-default-attributes"},"spectra_custom_meta":{"_visibility":["visible"],"_shopify_product_id":["1980726313023"],"_s2w_shopify_domain":["stopvarroa.myshopify.com"],"_shopify_variant_id":["15852327370815"],"_manage_stock":["no"],"total_sales":["946"],"_tax_status":["taxable"],"_tax_class":[""],"_backorders":["no"],"_sold_individually":["no"],"_virtual":["no"],"_downloadable":["no"],"_download_limit":["-1"],"_download_expiry":["-1"],"_stock":[null],"_stock_status":["instock"],"_wc_average_rating":["4.64"],"_wc_review_count":["242"],"_product_attributes":["a:1:{s:6:\"volume\";a:6:{s:4:\"name\";s:6:\"Volume\";s:5:\"value\";s:30:\"1 liter | 5 liters | 25 liters\";s:8:\"position\";i:1;s:10:\"is_visible\";i:0;s:12:\"is_variation\";i:1;s:11:\"is_taxonomy\";i:0;}}"],"_product_version":["10.5.2"],"_thumbnail_id":["23313"],"_product_image_gallery":["23314,23315"],"_edit_last":["1"],"_wp_page_template":["default"],"_edit_lock":["1773033879:382"],"_default_attributes":["a:1:{s:6:\"volume\";s:7:\"1 liter\";}"],"site-sidebar-layout":["default"],"ast-site-content-layout":["default"],"site-content-style":["default"],"site-sidebar-style":["default"],"theme-transparent-header-meta":["default"],"_price":["29.90","129.90","499.90"],"_wc_rating_count":["a:3:{i:3;i:22;i:4;i:44;i:5;i:176;}"],"merchant-center-id":["VT"],"merchant-center-category":["2869"],"merchant-center-availability":["yes"],"astra-migrate-meta-layouts":["set"],"_uag_css_file_name":["uag-css-23149.css"],"_elementor_page_assets":["a:0:{}"]},"uagb_featured_image_src":{"full":["https:\/\/www.stopvarroa.com\/wp-content\/uploads\/2025\/06\/Traitementvarroa1L_6361b532-df7e-4c86-aba9-7317a3ec8b3f.jpg",2560,2560,false],"thumbnail":["https:\/\/www.stopvarroa.com\/wp-content\/uploads\/2025\/06\/Traitementvarroa1L_6361b532-df7e-4c86-aba9-7317a3ec8b3f-150x150.jpg",150,150,true],"medium":["https:\/\/www.stopvarroa.com\/wp-content\/uploads\/2025\/06\/Traitementvarroa1L_6361b532-df7e-4c86-aba9-7317a3ec8b3f-300x300.jpg",300,300,true],"medium_large":["https:\/\/www.stopvarroa.com\/wp-content\/uploads\/2025\/06\/Traitementvarroa1L_6361b532-df7e-4c86-aba9-7317a3ec8b3f-768x768.jpg",768,768,true],"large":["https:\/\/www.stopvarroa.com\/wp-content\/uploads\/2025\/06\/Traitementvarroa1L_6361b532-df7e-4c86-aba9-7317a3ec8b3f-1024x1024.jpg",1024,1024,true],"1536x1536":["https:\/\/www.stopvarroa.com\/wp-content\/uploads\/2025\/06\/Traitementvarroa1L_6361b532-df7e-4c86-aba9-7317a3ec8b3f-1536x1536.jpg",1536,1536,true],"2048x2048":["https:\/\/www.stopvarroa.com\/wp-content\/uploads\/2025\/06\/Traitementvarroa1L_6361b532-df7e-4c86-aba9-7317a3ec8b3f-2048x2048.jpg",2048,2048,true],"trp-custom-language-flag":["https:\/\/www.stopvarroa.com\/wp-content\/uploads\/2025\/06\/Traitementvarroa1L_6361b532-df7e-4c86-aba9-7317a3ec8b3f-12x12.jpg",12,12,true],"woocommerce_thumbnail":["https:\/\/www.stopvarroa.com\/wp-content\/uploads\/2025\/06\/Traitementvarroa1L_6361b532-df7e-4c86-aba9-7317a3ec8b3f-300x300.jpg",300,300,true],"woocommerce_single":["https:\/\/www.stopvarroa.com\/wp-content\/uploads\/2025\/06\/Traitementvarroa1L_6361b532-df7e-4c86-aba9-7317a3ec8b3f-600x600.jpg",600,600,true],"woocommerce_gallery_thumbnail":["https:\/\/www.stopvarroa.com\/wp-content\/uploads\/2025\/06\/Traitementvarroa1L_6361b532-df7e-4c86-aba9-7317a3ec8b3f-100x100.jpg",100,100,true]},"uagb_author_info":{"display_name":"admin","author_link":"https:\/\/www.stopvarroa.com\/es\/author\/"},"uagb_comment_info":242,"uagb_excerpt":"Eliminates varroa mites within 24 hours for rapid hive protection. Our varroa treatment is specially formulated to act quickly and efficiently, eliminating destructive varroa mites in just 24 hours after application. Fast action is essential to protect brood, adult bees, and the overall strength of the colony. The most effective anti-varroa solution available. Developed with&hellip;","_links":{"self":[{"href":"https:\/\/www.stopvarroa.com\/es\/wp-json\/wp\/v2\/product\/23149","targetHints":{"allow":["GET"]}}],"collection":[{"href":"https:\/\/www.stopvarroa.com\/es\/wp-json\/wp\/v2\/product"}],"about":[{"href":"https:\/\/www.stopvarroa.com\/es\/wp-json\/wp\/v2\/types\/product"}],"replies":[{"embeddable":true,"href":"https:\/\/www.stopvarroa.com\/es\/wp-json\/wp\/v2\/comments?post=23149"}],"version-history":[{"count":6,"href":"https:\/\/www.stopvarroa.com\/es\/wp-json\/wp\/v2\/product\/23149\/revisions"}],"predecessor-version":[{"id":25319,"href":"https:\/\/www.stopvarroa.com\/es\/wp-json\/wp\/v2\/product\/23149\/revisions\/25319"}],"wp:featuredmedia":[{"embeddable":true,"href":"https:\/\/www.stopvarroa.com\/es\/wp-json\/wp\/v2\/media\/23313"}],"wp:attachment":[{"href":"https:\/\/www.stopvarroa.com\/es\/wp-json\/wp\/v2\/media?parent=23149"}],"wp:term":[{"taxonomy":"product_brand","embeddable":true,"href":"https:\/\/www.stopvarroa.com\/es\/wp-json\/wp\/v2\/product_brand?post=23149"},{"taxonomy":"product_cat","embeddable":true,"href":"https:\/\/www.stopvarroa.com\/es\/wp-json\/wp\/v2\/product_cat?post=23149"},{"taxonomy":"product_tag","embeddable":true,"href":"https:\/\/www.stopvarroa.com\/es\/wp-json\/wp\/v2\/product_tag?post=23149"}],"curies":[{"name":"wp","href":"https:\/\/api.w.org\/{rel}","templated":true}]}}