{"id":124,"date":"2025-04-11T06:38:14","date_gmt":"2025-04-11T04:38:14","guid":{"rendered":"https:\/\/www.stoprodent.com\/?page_id=124"},"modified":"2026-04-24T12:53:32","modified_gmt":"2026-04-24T10:53:32","slug":"return-policy","status":"publish","type":"page","link":"https:\/\/www.stopvarroa.com\/ee\/return-policy\/","title":{"rendered":"Tagastamispoliitika"},"content":{"rendered":"<p><strong>Tagasisaatmise algatamiseks vajalikud meetmed<\/strong><\/p>\n\n\n\n<p>Tagastamisprotsessi alustamiseks peate esmalt alla laadima meie vormi, mis on leitav j\u00e4rgmiselt lingilt :&nbsp;<a href=\"https:\/\/www.stopvarroa.com\/wp-content\/uploads\/2025\/06\/Stopvarroa_Return_Form.pdf\" data-type=\"link\" data-id=\"https:\/\/www.stopvarroa.com\/wp-content\/uploads\/2025\/04\/StopRodent_Return_Form.pdf\">Lae alla<\/a><\/p>\n\n\n\n<p>Sellel vormil tuleb t\u00e4ita k\u00f5ik andmed :<\/p>\n\n\n\n<ul class=\"wp-block-list\">\n<li>Tellimuse kuup\u00e4ev<\/li>\n\n\n\n<li>Tellimuse number<\/li>\n\n\n\n<li>Tellimuse kogusumma<\/li>\n\n\n\n<li>Taotluses k\u00e4sitletavad punktid<\/li>\n\n\n\n<li>Kui soovite vahetada v\u00f5i raha tagasi saada<\/li>\n\n\n\n<li>Nimi<\/li>\n\n\n\n<li>Street<\/li>\n\n\n\n<li>Postiindeks<\/li>\n\n\n\n<li>Linn<\/li>\n\n\n\n<li>Riik<\/li>\n\n\n\n<li>E-posti aadress<\/li>\n\n\n\n<li>Telefoninumber<\/li>\n\n\n\n<li>Kuup\u00e4ev ja allkiri<\/li>\n<\/ul>\n\n\n\n<p>Te peate saatma selle vormi e-posti aadressile&nbsp;<a href=\"mailto:contact@stopvarroa.com\">contact@stopvarroa.com<\/a>&nbsp;v\u00f5i t\u00e4hitud kirjaga j\u00e4rgmisel aadressil :<\/p>\n\n\n\n<p>Ferber Enterprises O\u00dc (v\/a Stop Varroa)<br>Tornim\u00e4e tn 5<br>Tallinn, 10145<br>Eesti<\/p>\n\n\n\n<p>Kui vorm on k\u00e4tte saadud, saadab meie klienditeenindus teile tagastuskupongi, mis lisatakse teie tellimusele, ja te peate oma tellimuse meile omal kulul tagastama ainult posti teel, j\u00e4rgmisel aadressil:<\/p>\n\n\n\n<p><span data-no-translation=\"\">Ferber Enterprises Czechia s.r.o.<br>Sklen\u00e1rka 375\/3<\/span><br>268 01 Ho\u0159ovice<br>T\u0161ehhi Vabariik<br>Telefoninumber: +420 378 880 201<\/p>\n\n\n\n<p>Kui teie tellimus on meie lattu saabunud, kontrollime teie pakki, et kontrollida, kas tellimus on t\u00e4ielikult ja heas korras tagasi saadetud.<\/p>\n\n\n\n<p><strong>Tagasimakse<\/strong><\/p>\n\n\n\n<p>Kui te otsustate taotleda kauba asendamise asemel raha tagasi, siis tagastatakse raha 2 p\u00e4eva jooksul. Tagastamisel ei rakendata tagastamistasusid.<\/p>\n\n\n\n<p><strong>Exchange<\/strong><\/p>\n\n\n\n<p>Kui otsustate taotleda vahetust, st toote asendamist, saadame teile uue toote tasuta.<\/p>\n\n\n\n<p><strong>Tagastamistingimused<\/strong><\/p>\n\n\n\n<p>Tagastamiseks on h\u00e4davajalik alustada tagastamisprotsessi 30 p\u00e4eva jooksul alates kauba k\u00e4ttesaamisest. See t\u00e4hendab, et me peame saama tagastamistaotluse vormi 30 p\u00e4eva jooksul alates tarnekuup\u00e4evast.<\/p>\n\n\n\n<p>Samuti on h\u00e4davajalik, et toode oleks uues v\u00f5i kergelt kasutatud seisukorras, kuid te v\u00f5ite toote tagastada, olenemata sellest, kas see on defektne v\u00f5i mitte.<\/p>\n\n\n\n<p>V\u00f5ite teha tagastuse ilma igasuguse p\u00f5hjuseta ning samuti v\u00f5ite teha tagastuse mis tahes riigist \u00fcle maailma.<\/p>","protected":false},"excerpt":{"rendered":"<p>Action required to initiate a return In order to start the return process, you must first download our form at the following link :&nbsp;Download On this form, it is necessary to fill in all the information : You must send this form to the email address&nbsp;contact@stopvarroa.com&nbsp;or by registered mail to the following address : Ferber [&hellip;]<\/p>\n","protected":false},"author":1,"featured_media":0,"parent":0,"menu_order":0,"comment_status":"closed","ping_status":"closed","template":"","meta":{"_uag_custom_page_level_css":"","site-sidebar-layout":"default","site-content-layout":"","ast-site-content-layout":"default","site-content-style":"default","site-sidebar-style":"default","ast-global-header-display":"","ast-banner-title-visibility":"","ast-main-header-display":"","ast-hfb-above-header-display":"","ast-hfb-below-header-display":"","ast-hfb-mobile-header-display":"","site-post-title":"","ast-breadcrumbs-content":"","ast-featured-img":"","footer-sml-layout":"","ast-disable-related-posts":"","theme-transparent-header-meta":"","adv-header-id-meta":"","stick-header-meta":"","header-above-stick-meta":"","header-main-stick-meta":"","header-below-stick-meta":"","astra-migrate-meta-layouts":"set","ast-page-background-enabled":"default","ast-page-background-meta":{"desktop":{"background-color":"var(--ast-global-color-4)","background-image":"","background-repeat":"repeat","background-position":"center center","background-size":"auto","background-attachment":"scroll","background-type":"","background-media":"","overlay-type":"","overlay-color":"","overlay-opacity":"","overlay-gradient":""},"tablet":{"background-color":"","background-image":"","background-repeat":"repeat","background-position":"center center","background-size":"auto","background-attachment":"scroll","background-type":"","background-media":"","overlay-type":"","overlay-color":"","overlay-opacity":"","overlay-gradient":""},"mobile":{"background-color":"","background-image":"","background-repeat":"repeat","background-position":"center center","background-size":"auto","background-attachment":"scroll","background-type":"","background-media":"","overlay-type":"","overlay-color":"","overlay-opacity":"","overlay-gradient":""}},"ast-content-background-meta":{"desktop":{"background-color":"var(--ast-global-color-5)","background-image":"","background-repeat":"repeat","background-position":"center center","background-size":"auto","background-attachment":"scroll","background-type":"","background-media":"","overlay-type":"","overlay-color":"","overlay-opacity":"","overlay-gradient":""},"tablet":{"background-color":"var(--ast-global-color-5)","background-image":"","background-repeat":"repeat","background-position":"center center","background-size":"auto","background-attachment":"scroll","background-type":"","background-media":"","overlay-type":"","overlay-color":"","overlay-opacity":"","overlay-gradient":""},"mobile":{"background-color":"var(--ast-global-color-5)","background-image":"","background-repeat":"repeat","background-position":"center center","background-size":"auto","background-attachment":"scroll","background-type":"","background-media":"","overlay-type":"","overlay-color":"","overlay-opacity":"","overlay-gradient":""}},"footnotes":""},"class_list":["post-124","page","type-page","status-publish","hentry"],"spectra_custom_meta":{"_edit_lock":["1777028623:1"],"_wpml_word_count":["297"],"_edit_last":["1"],"_wpml_media_duplicate":["1"],"_wpml_media_featured":["1"],"_wpml_location_migration_done":["1"],"rank_math_news_sitemap_robots":["index"],"rank_math_robots":["a:1:{i:0;s:5:\"index\";}"],"_uag_custom_page_level_css":[""],"site-sidebar-layout":["default"],"site-content-layout":[""],"ast-site-content-layout":["default"],"site-content-style":["default"],"site-sidebar-style":["default"],"ast-global-header-display":[""],"ast-banner-title-visibility":[""],"ast-main-header-display":[""],"ast-hfb-above-header-display":[""],"ast-hfb-below-header-display":[""],"ast-hfb-mobile-header-display":[""],"site-post-title":[""],"ast-breadcrumbs-content":[""],"ast-featured-img":[""],"footer-sml-layout":[""],"theme-transparent-header-meta":[""],"adv-header-id-meta":[""],"stick-header-meta":[""],"header-above-stick-meta":[""],"header-main-stick-meta":[""],"header-below-stick-meta":[""],"astra-migrate-meta-layouts":["set"],"ast-page-background-enabled":["default"],"ast-page-background-meta":["a:3:{s:7:\"desktop\";a:12:{s:16:\"background-color\";s:25:\"var(--ast-global-color-4)\";s:16:\"background-image\";s:0:\"\";s:17:\"background-repeat\";s:6:\"repeat\";s:19:\"background-position\";s:13:\"center center\";s:15:\"background-size\";s:4:\"auto\";s:21:\"background-attachment\";s:6:\"scroll\";s:15:\"background-type\";s:0:\"\";s:16:\"background-media\";s:0:\"\";s:12:\"overlay-type\";s:0:\"\";s:13:\"overlay-color\";s:0:\"\";s:15:\"overlay-opacity\";s:0:\"\";s:16:\"overlay-gradient\";s:0:\"\";}s:6:\"tablet\";a:12:{s:16:\"background-color\";s:0:\"\";s:16:\"background-image\";s:0:\"\";s:17:\"background-repeat\";s:6:\"repeat\";s:19:\"background-position\";s:13:\"center center\";s:15:\"background-size\";s:4:\"auto\";s:21:\"background-attachment\";s:6:\"scroll\";s:15:\"background-type\";s:0:\"\";s:16:\"background-media\";s:0:\"\";s:12:\"overlay-type\";s:0:\"\";s:13:\"overlay-color\";s:0:\"\";s:15:\"overlay-opacity\";s:0:\"\";s:16:\"overlay-gradient\";s:0:\"\";}s:6:\"mobile\";a:12:{s:16:\"background-color\";s:0:\"\";s:16:\"background-image\";s:0:\"\";s:17:\"background-repeat\";s:6:\"repeat\";s:19:\"background-position\";s:13:\"center center\";s:15:\"background-size\";s:4:\"auto\";s:21:\"background-attachment\";s:6:\"scroll\";s:15:\"background-type\";s:0:\"\";s:16:\"background-media\";s:0:\"\";s:12:\"overlay-type\";s:0:\"\";s:13:\"overlay-color\";s:0:\"\";s:15:\"overlay-opacity\";s:0:\"\";s:16:\"overlay-gradient\";s:0:\"\";}}"],"ast-content-background-meta":["a:3:{s:7:\"desktop\";a:12:{s:16:\"background-color\";s:25:\"var(--ast-global-color-5)\";s:16:\"background-image\";s:0:\"\";s:17:\"background-repeat\";s:6:\"repeat\";s:19:\"background-position\";s:13:\"center center\";s:15:\"background-size\";s:4:\"auto\";s:21:\"background-attachment\";s:6:\"scroll\";s:15:\"background-type\";s:0:\"\";s:16:\"background-media\";s:0:\"\";s:12:\"overlay-type\";s:0:\"\";s:13:\"overlay-color\";s:0:\"\";s:15:\"overlay-opacity\";s:0:\"\";s:16:\"overlay-gradient\";s:0:\"\";}s:6:\"tablet\";a:12:{s:16:\"background-color\";s:25:\"var(--ast-global-color-5)\";s:16:\"background-image\";s:0:\"\";s:17:\"background-repeat\";s:6:\"repeat\";s:19:\"background-position\";s:13:\"center center\";s:15:\"background-size\";s:4:\"auto\";s:21:\"background-attachment\";s:6:\"scroll\";s:15:\"background-type\";s:0:\"\";s:16:\"background-media\";s:0:\"\";s:12:\"overlay-type\";s:0:\"\";s:13:\"overlay-color\";s:0:\"\";s:15:\"overlay-opacity\";s:0:\"\";s:16:\"overlay-gradient\";s:0:\"\";}s:6:\"mobile\";a:12:{s:16:\"background-color\";s:25:\"var(--ast-global-color-5)\";s:16:\"background-image\";s:0:\"\";s:17:\"background-repeat\";s:6:\"repeat\";s:19:\"background-position\";s:13:\"center center\";s:15:\"background-size\";s:4:\"auto\";s:21:\"background-attachment\";s:6:\"scroll\";s:15:\"background-type\";s:0:\"\";s:16:\"background-media\";s:0:\"\";s:12:\"overlay-type\";s:0:\"\";s:13:\"overlay-color\";s:0:\"\";s:15:\"overlay-opacity\";s:0:\"\";s:16:\"overlay-gradient\";s:0:\"\";}}"],"footnotes":[""],"_elementor_edit_mode":[""],"_elementor_template_type":[""],"_elementor_data":[""],"_elementor_conditions":["a:0:{}"],"_uagb_previous_block_counts":["a:90:{s:21:\"uagb\/advanced-heading\";i:0;s:15:\"uagb\/blockquote\";i:0;s:12:\"uagb\/buttons\";i:0;s:18:\"uagb\/buttons-child\";i:0;s:19:\"uagb\/call-to-action\";i:0;s:15:\"uagb\/cf7-styler\";i:0;s:11:\"uagb\/column\";i:0;s:12:\"uagb\/columns\";i:0;s:14:\"uagb\/container\";i:0;s:21:\"uagb\/content-timeline\";i:0;s:27:\"uagb\/content-timeline-child\";i:0;s:14:\"uagb\/countdown\";i:0;s:12:\"uagb\/counter\";i:0;s:8:\"uagb\/faq\";i:0;s:14:\"uagb\/faq-child\";i:0;s:10:\"uagb\/forms\";i:0;s:17:\"uagb\/forms-accept\";i:0;s:19:\"uagb\/forms-checkbox\";i:0;s:15:\"uagb\/forms-date\";i:0;s:16:\"uagb\/forms-email\";i:0;s:17:\"uagb\/forms-hidden\";i:0;s:15:\"uagb\/forms-name\";i:0;s:16:\"uagb\/forms-phone\";i:0;s:16:\"uagb\/forms-radio\";i:0;s:17:\"uagb\/forms-select\";i:0;s:19:\"uagb\/forms-textarea\";i:0;s:17:\"uagb\/forms-toggle\";i:0;s:14:\"uagb\/forms-url\";i:0;s:14:\"uagb\/gf-styler\";i:0;s:15:\"uagb\/google-map\";i:0;s:11:\"uagb\/how-to\";i:0;s:16:\"uagb\/how-to-step\";i:0;s:9:\"uagb\/icon\";i:0;s:14:\"uagb\/icon-list\";i:0;s:20:\"uagb\/icon-list-child\";i:0;s:10:\"uagb\/image\";i:0;s:18:\"uagb\/image-gallery\";i:0;s:13:\"uagb\/info-box\";i:0;s:18:\"uagb\/inline-notice\";i:0;s:11:\"uagb\/lottie\";i:0;s:21:\"uagb\/marketing-button\";i:0;s:10:\"uagb\/modal\";i:0;s:18:\"uagb\/popup-builder\";i:0;s:16:\"uagb\/post-button\";i:0;s:18:\"uagb\/post-carousel\";i:0;s:17:\"uagb\/post-excerpt\";i:0;s:14:\"uagb\/post-grid\";i:0;s:15:\"uagb\/post-image\";i:0;s:17:\"uagb\/post-masonry\";i:0;s:14:\"uagb\/post-meta\";i:0;s:18:\"uagb\/post-taxonomy\";i:0;s:18:\"uagb\/post-timeline\";i:0;s:15:\"uagb\/post-title\";i:0;s:20:\"uagb\/restaurant-menu\";i:0;s:26:\"uagb\/restaurant-menu-child\";i:0;s:11:\"uagb\/review\";i:0;s:12:\"uagb\/section\";i:0;s:14:\"uagb\/separator\";i:0;s:11:\"uagb\/slider\";i:0;s:17:\"uagb\/slider-child\";i:0;s:17:\"uagb\/social-share\";i:0;s:23:\"uagb\/social-share-child\";i:0;s:16:\"uagb\/star-rating\";i:0;s:23:\"uagb\/sure-cart-checkout\";i:0;s:22:\"uagb\/sure-cart-product\";i:0;s:15:\"uagb\/sure-forms\";i:0;s:22:\"uagb\/table-of-contents\";i:0;s:9:\"uagb\/tabs\";i:0;s:15:\"uagb\/tabs-child\";i:0;s:18:\"uagb\/taxonomy-list\";i:0;s:9:\"uagb\/team\";i:0;s:16:\"uagb\/testimonial\";i:0;s:14:\"uagb\/wp-search\";i:0;s:19:\"uagb\/instagram-feed\";i:0;s:10:\"uagb\/login\";i:0;s:17:\"uagb\/loop-builder\";i:0;s:18:\"uagb\/loop-category\";i:0;s:20:\"uagb\/loop-pagination\";i:0;s:15:\"uagb\/loop-reset\";i:0;s:16:\"uagb\/loop-search\";i:0;s:14:\"uagb\/loop-sort\";i:0;s:17:\"uagb\/loop-wrapper\";i:0;s:13:\"uagb\/register\";i:0;s:19:\"uagb\/register-email\";i:0;s:24:\"uagb\/register-first-name\";i:0;s:23:\"uagb\/register-last-name\";i:0;s:22:\"uagb\/register-password\";i:0;s:30:\"uagb\/register-reenter-password\";i:0;s:19:\"uagb\/register-terms\";i:0;s:22:\"uagb\/register-username\";i:0;}"],"_uag_css_file_name":["uag-css-124.css"]},"uagb_featured_image_src":{"full":false,"thumbnail":false,"medium":false,"medium_large":false,"large":false,"1536x1536":false,"2048x2048":false,"trp-custom-language-flag":false,"woocommerce_thumbnail":false,"woocommerce_single":false,"woocommerce_gallery_thumbnail":false},"uagb_author_info":{"display_name":"admin","author_link":"https:\/\/www.stopvarroa.com\/ee\/author\/admin2721\/"},"uagb_comment_info":0,"uagb_excerpt":"Action required to initiate a return In order to start the return process, you must first download our form at the following link :&nbsp;Download On this form, it is necessary to fill in all the information : You must send this form to the email address&nbsp;contact@stopvarroa.com&nbsp;or by registered mail to the following address : Ferber&hellip;","_links":{"self":[{"href":"https:\/\/www.stopvarroa.com\/ee\/wp-json\/wp\/v2\/pages\/124","targetHints":{"allow":["GET"]}}],"collection":[{"href":"https:\/\/www.stopvarroa.com\/ee\/wp-json\/wp\/v2\/pages"}],"about":[{"href":"https:\/\/www.stopvarroa.com\/ee\/wp-json\/wp\/v2\/types\/page"}],"author":[{"embeddable":true,"href":"https:\/\/www.stopvarroa.com\/ee\/wp-json\/wp\/v2\/users\/1"}],"replies":[{"embeddable":true,"href":"https:\/\/www.stopvarroa.com\/ee\/wp-json\/wp\/v2\/comments?post=124"}],"version-history":[{"count":7,"href":"https:\/\/www.stopvarroa.com\/ee\/wp-json\/wp\/v2\/pages\/124\/revisions"}],"predecessor-version":[{"id":25546,"href":"https:\/\/www.stopvarroa.com\/ee\/wp-json\/wp\/v2\/pages\/124\/revisions\/25546"}],"wp:attachment":[{"href":"https:\/\/www.stopvarroa.com\/ee\/wp-json\/wp\/v2\/media?parent=124"}],"curies":[{"name":"wp","href":"https:\/\/api.w.org\/{rel}","templated":true}]}}