{"id":23149,"date":"2025-06-10T21:06:24","date_gmt":"2025-06-10T19:06:24","guid":{"rendered":"https:\/\/www.stopvarroa.com\/products\/varroa-treatment\/"},"modified":"2026-03-01T17:59:31","modified_gmt":"2026-03-01T16:59:31","slug":"varroa-treatment","status":"publish","type":"product","link":"https:\/\/www.stopvarroa.com\/ch-de\/products\/varroa-treatment\/","title":{"rendered":"Varroa-Behandlung"},"content":{"rendered":"<p><strong><img decoding=\"async\" style=\"margin-right: 12px;\" src=\"https:\/\/www.stopvarroa.com\/wp-content\/uploads\/2026\/02\/Check.svg\" alt=\"\" width=\"18\" height=\"15\" \/>Beseitigt Varroamilben innerhalb von 24 Stunden f\u00fcr einen schnellen Schutz der Bienenst\u00f6cke.<\/strong> Unser Varroa-Behandlungsmittel ist speziell so formuliert, dass es schnell und effizient wirkt und die zerst\u00f6rerischen Varroa-Milben innerhalb von nur 24 Stunden nach der Anwendung beseitigt. Eine schnelle Wirkung ist wichtig, um die Brut, die erwachsenen Bienen und die Gesamtst\u00e4rke des Volkes zu sch\u00fctzen.<\/p>\n<p><strong><img decoding=\"async\" style=\"margin-right: 12px;\" src=\"https:\/\/www.stopvarroa.com\/wp-content\/uploads\/2026\/02\/Check.svg\" alt=\"\" width=\"18\" height=\"15\" \/>Die wirksamste L\u00f6sung gegen Varroa auf dem Markt.<\/strong> Diese Behandlung wurde mit hochwirksamen Wirkstoffen entwickelt, die Milben direkt bei Kontakt bek\u00e4mpfen und eine maximale Abdeckung auf beiden Seiten der R\u00e4hmchen gew\u00e4hrleisten. Es liefert selbst in stark befallenen Bienenst\u00f6cken konsistente und zuverl\u00e4ssige Ergebnisse.<\/p>\n<p><strong><img decoding=\"async\" style=\"margin-right: 12px;\" src=\"https:\/\/www.stopvarroa.com\/wp-content\/uploads\/2026\/02\/Check.svg\" alt=\"\" width=\"18\" height=\"15\" \/>Die billigste professionelle Varroa-Behandlung auf dem Markt.<\/strong> Wir bieten den g\u00fcnstigsten Preis, ohne Kompromisse bei der Qualit\u00e4t oder Wirksamkeit einzugehen. Imker profitieren von einem erstklassigen Schutz zu erschwinglichen Kosten, ganz gleich, ob sie ein paar Bienenst\u00f6cke oder einen ganzen Bienenstand verwalten.<\/p>\n<p><strong><img decoding=\"async\" style=\"margin-right: 12px;\" src=\"https:\/\/www.stopvarroa.com\/wp-content\/uploads\/2026\/02\/Check.svg\" alt=\"\" width=\"18\" height=\"15\" \/>24-Stunden-Lieferung zum Schutz Ihrer Bienenv\u00f6lker ohne Verz\u00f6gerung.<\/strong> Wir garantieren eine 24-Stunden-Lieferung, damit Sie sofort auf einen Varroa-Befall reagieren k\u00f6nnen. Ein schneller Versand hilft, die Schw\u00e4chung der Bienenv\u00f6lker zu verhindern und das Risiko langfristiger Sch\u00e4den zu verringern.<\/p>\n<p><strong><img decoding=\"async\" style=\"margin-right: 12px;\" src=\"https:\/\/www.stopvarroa.com\/wp-content\/uploads\/2026\/02\/Check.svg\" alt=\"\" width=\"18\" height=\"15\" \/>Geld-zur\u00fcck-Garantie f\u00fcr absoluten Seelenfrieden.<\/strong> Wir bieten eine volle Geld-zur\u00fcck-Garantie. Wenn Sie mit den Ergebnissen unserer Varroabehandlung nicht zufrieden sind, erstatten wir Ihnen den Kaufpreis zur\u00fcck. Ihre Investition ist v\u00f6llig risikofrei.<\/p>\n<p><strong><img decoding=\"async\" style=\"margin-right: 12px;\" src=\"https:\/\/www.stopvarroa.com\/wp-content\/uploads\/2026\/02\/Check.svg\" alt=\"\" width=\"18\" height=\"15\" \/>Geeignet f\u00fcr die \u00f6kologische Bienenhaltung.<\/strong> Diese Behandlung ist mit den Normen f\u00fcr die \u00f6kologische Bienenhaltung vereinbar, so dass Sie Ihre Bienenst\u00f6cke sch\u00fctzen und gleichzeitig verantwortungsvolle und nachhaltige Produktionsmethoden beibehalten k\u00f6nnen.<\/p>\n<p><strong><img decoding=\"async\" style=\"margin-right: 12px;\" src=\"https:\/\/www.stopvarroa.com\/wp-content\/uploads\/2026\/02\/Check.svg\" alt=\"\" width=\"18\" height=\"15\" \/>Einfache Spr\u00fchanwendung f\u00fcr pr\u00e4zise Abdeckung.<\/strong> Das Produkt wird in einer praktischen Spr\u00fchflasche geliefert und direkt auf beide Seiten der R\u00e4hmchen aufgetragen. Dadurch wird ein direkter Kontakt mit den Milben auf den Bienen und den Brutfl\u00e4chen gew\u00e4hrleistet.<\/p>\n<p><strong><img decoding=\"async\" style=\"margin-right: 12px;\" src=\"https:\/\/www.stopvarroa.com\/wp-content\/uploads\/2026\/02\/Check.svg\" alt=\"\" width=\"18\" height=\"15\" \/>Hohe Reichweite mit bis zu 20 Bienenst\u00f6cken pro Liter.<\/strong> Mit einem Liter des Produkts k\u00f6nnen bis zu 20 Bienenst\u00f6cke behandelt werden, was eine ausgezeichnete Kosteneffizienz bietet und es sowohl f\u00fcr Kleinimker als auch f\u00fcr professionelle Imker geeignet macht.<\/p>\n<p><strong><img decoding=\"async\" style=\"margin-right: 12px;\" src=\"https:\/\/www.stopvarroa.com\/wp-content\/uploads\/2026\/02\/Check.svg\" alt=\"\" width=\"18\" height=\"15\" \/>Bei bestimmungsgem\u00e4\u00dfem Gebrauch sicher f\u00fcr Bienen.<\/strong> Die ausgewogene Formel wurde entwickelt, um Milben zu beseitigen und gleichzeitig die Gesundheit der Kolonie zu erhalten, wenn sie gem\u00e4\u00df den empfohlenen Anweisungen angewendet wird.<\/p>\n<p><strong><img decoding=\"async\" style=\"margin-right: 12px;\" src=\"https:\/\/www.stopvarroa.com\/wp-content\/uploads\/2026\/02\/Check.svg\" alt=\"\" width=\"18\" height=\"15\" \/>St\u00e4rkt die Vitalit\u00e4t und Produktivit\u00e4t der Kolonien.<\/strong> Durch die rasche Verringerung des Milbendrucks tr\u00e4gt die Behandlung zu einer gesunden Brutentwicklung, einer st\u00e4rkeren Arbeiterinnenpopulation und einem verbesserten Honigproduktionspotenzial bei.<\/p>\n<h2><strong>Anweisungen<\/strong><\/h2>\n<ul>\n<li>Sch\u00fctteln Sie die Spr\u00fchflasche vor Gebrauch gut, damit sich die Wirkstoffe gut vermischen.<\/li>\n<li>Wenden Sie die Behandlung in Zeiten mit geringem Honigfluss und vorzugsweise bei gem\u00e4\u00dfigten Temperaturen an.<\/li>\n<li>\u00d6ffnen Sie den Bienenstock vorsichtig und nehmen Sie jede Zarge einzeln heraus.<\/li>\n<li>Spr\u00fchen Sie das Produkt gleichm\u00e4\u00dfig auf beide Seiten jedes Rahmens, um sicherzustellen, dass die Bienen und die Brutbereiche vollst\u00e4ndig bedeckt sind.<\/li>\n<li>Verwenden Sie etwa 50 ml des Produkts pro Bienenstock, so dass 1 Liter zur Behandlung von bis zu 20 Bienenst\u00f6cken ausreicht.<\/li>\n<li>Achten Sie darauf, dass alle R\u00e4hmchen im Bienenstock behandelt werden, um eine maximale Wirkung zu erzielen.<\/li>\n<li>Bringen Sie die R\u00e4hmchen nach dem Bespr\u00fchen wieder an ihren urspr\u00fcnglichen Platz im Bienenstock.<\/li>\n<li>Schlie\u00dfen Sie den Bienenstock und vermeiden Sie es, das Bienenvolk mindestens 24 Stunden lang zu st\u00f6ren.<\/li>\n<li>\u00dcberwachen Sie den Milbenr\u00fcckgang und den Zustand der Kolonie in den folgenden Tagen, um die Wirksamkeit zu beurteilen.<\/li>\n<li>Wiederholen Sie die Behandlung bei Bedarf je nach Befallsst\u00e4rke und saisonalen Bewirtschaftungspraktiken.<\/li>\n<\/ul>","protected":false},"excerpt":{"rendered":"<p>Eliminates varroa mites within 24 hours for rapid hive protection. Our varroa treatment is specially formulated to act quickly and efficiently, eliminating destructive varroa mites in just 24 hours after application. Fast action is essential to protect brood, adult bees, and the overall strength of the colony. The most effective anti-varroa solution available. Developed with [&hellip;]<\/p>\n","protected":false},"featured_media":23313,"comment_status":"open","ping_status":"closed","template":"","meta":{"_uag_custom_page_level_css":"","site-sidebar-layout":"default","site-content-layout":"","ast-site-content-layout":"default","site-content-style":"default","site-sidebar-style":"default","ast-global-header-display":"","ast-banner-title-visibility":"","ast-main-header-display":"","ast-hfb-above-header-display":"","ast-hfb-below-header-display":"","ast-hfb-mobile-header-display":"","site-post-title":"","ast-breadcrumbs-content":"","ast-featured-img":"","footer-sml-layout":"","ast-disable-related-posts":"","theme-transparent-header-meta":"default","adv-header-id-meta":"","stick-header-meta":"","header-above-stick-meta":"","header-main-stick-meta":"","header-below-stick-meta":"","astra-migrate-meta-layouts":"set","ast-page-background-enabled":"default","ast-page-background-meta":{"desktop":{"background-color":"var(--ast-global-color-4)","background-image":"","background-repeat":"repeat","background-position":"center center","background-size":"auto","background-attachment":"scroll","background-type":"","background-media":"","overlay-type":"","overlay-color":"","overlay-opacity":"","overlay-gradient":""},"tablet":{"background-color":"","background-image":"","background-repeat":"repeat","background-position":"center center","background-size":"auto","background-attachment":"scroll","background-type":"","background-media":"","overlay-type":"","overlay-color":"","overlay-opacity":"","overlay-gradient":""},"mobile":{"background-color":"","background-image":"","background-repeat":"repeat","background-position":"center center","background-size":"auto","background-attachment":"scroll","background-type":"","background-media":"","overlay-type":"","overlay-color":"","overlay-opacity":"","overlay-gradient":""}},"ast-content-background-meta":{"desktop":{"background-color":"var(--ast-global-color-5)","background-image":"","background-repeat":"repeat","background-position":"center center","background-size":"auto","background-attachment":"scroll","background-type":"","background-media":"","overlay-type":"","overlay-color":"","overlay-opacity":"","overlay-gradient":""},"tablet":{"background-color":"var(--ast-global-color-5)","background-image":"","background-repeat":"repeat","background-position":"center center","background-size":"auto","background-attachment":"scroll","background-type":"","background-media":"","overlay-type":"","overlay-color":"","overlay-opacity":"","overlay-gradient":""},"mobile":{"background-color":"var(--ast-global-color-5)","background-image":"","background-repeat":"repeat","background-position":"center center","background-size":"auto","background-attachment":"scroll","background-type":"","background-media":"","overlay-type":"","overlay-color":"","overlay-opacity":"","overlay-gradient":""}}},"product_brand":[],"product_cat":[15],"product_tag":[],"class_list":{"0":"post-23149","1":"product","2":"type-product","3":"status-publish","4":"has-post-thumbnail","6":"product_cat-shop","7":"desktop-align-left","8":"tablet-align-left","9":"mobile-align-left","11":"first","12":"instock","13":"sale","14":"taxable","15":"shipping-taxable","16":"purchasable","17":"product-type-variable","18":"has-default-attributes"},"spectra_custom_meta":{"_visibility":["visible"],"_shopify_product_id":["1980726313023"],"_s2w_shopify_domain":["stopvarroa.myshopify.com"],"_shopify_variant_id":["15852327370815"],"_manage_stock":["no"],"total_sales":["946"],"_tax_status":["taxable"],"_tax_class":[""],"_backorders":["no"],"_sold_individually":["no"],"_virtual":["no"],"_downloadable":["no"],"_download_limit":["-1"],"_download_expiry":["-1"],"_stock":[null],"_stock_status":["instock"],"_wc_average_rating":["4.64"],"_wc_review_count":["242"],"_product_attributes":["a:1:{s:6:\"volume\";a:6:{s:4:\"name\";s:6:\"Volume\";s:5:\"value\";s:30:\"1 liter | 5 liters | 25 liters\";s:8:\"position\";i:1;s:10:\"is_visible\";i:0;s:12:\"is_variation\";i:1;s:11:\"is_taxonomy\";i:0;}}"],"_product_version":["10.5.2"],"_thumbnail_id":["23313"],"_product_image_gallery":["23314,23315"],"_edit_last":["1"],"_wp_page_template":["default"],"_edit_lock":["1773033879:382"],"_default_attributes":["a:1:{s:6:\"volume\";s:7:\"1 liter\";}"],"site-sidebar-layout":["default"],"ast-site-content-layout":["default"],"site-content-style":["default"],"site-sidebar-style":["default"],"theme-transparent-header-meta":["default"],"_price":["29.90","129.90","499.90"],"_wc_rating_count":["a:3:{i:3;i:22;i:4;i:44;i:5;i:176;}"],"merchant-center-id":["VT"],"merchant-center-category":["2869"],"merchant-center-availability":["yes"],"astra-migrate-meta-layouts":["set"],"_uag_css_file_name":["uag-css-23149.css"],"_elementor_page_assets":["a:0:{}"],"_uag_page_assets":["a:9:{s:3:\"css\";s:7133:\".uag-blocks-common-selector{z-index:var(--z-index-desktop) !important}@media(max-width: 976px){.uag-blocks-common-selector{z-index:var(--z-index-tablet) !important}}@media(max-width: 767px){.uag-blocks-common-selector{z-index:var(--z-index-mobile) !important}}.wp-block-uagb-image{display:flex}.wp-block-uagb-image__figure{position:relative;display:flex;flex-direction:column;max-width:100%;height:auto;margin:0}.wp-block-uagb-image__figure img{height:auto;display:flex;max-width:100%;transition:box-shadow .2s ease}.wp-block-uagb-image__figure>a{display:inline-block}.wp-block-uagb-image__figure figcaption{text-align:center;margin-top:.5em;margin-bottom:1em}.wp-block-uagb-image .components-placeholder.block-editor-media-placeholder .components-placeholder__instructions{align-self:center}.wp-block-uagb-image--align-left{text-align:left}.wp-block-uagb-image--align-right{text-align:right}.wp-block-uagb-image--align-center{text-align:center}.wp-block-uagb-image--align-full .wp-block-uagb-image__figure{margin-left:calc(50% - 50vw);margin-right:calc(50% - 50vw);max-width:100vw;width:100vw;height:auto}.wp-block-uagb-image--align-full .wp-block-uagb-image__figure img{height:auto;width:100% !important}.wp-block-uagb-image--align-wide .wp-block-uagb-image__figure img{height:auto;width:100%}.wp-block-uagb-image--layout-overlay__color-wrapper{position:absolute;left:0;top:0;right:0;bottom:0;opacity:.2;background:rgba(0,0,0,.5);transition:opacity .35s ease-in-out}.wp-block-uagb-image--layout-overlay-link{position:absolute;left:0;right:0;bottom:0;top:0}.wp-block-uagb-image--layout-overlay .wp-block-uagb-image__figure:hover .wp-block-uagb-image--layout-overlay__color-wrapper{opacity:1}.wp-block-uagb-image--layout-overlay__inner{position:absolute;left:15px;right:15px;bottom:15px;top:15px;display:flex;align-items:center;justify-content:center;flex-direction:column;border-color:#fff;transition:.35s ease-in-out}.wp-block-uagb-image--layout-overlay__inner.top-left,.wp-block-uagb-image--layout-overlay__inner.top-center,.wp-block-uagb-image--layout-overlay__inner.top-right{justify-content:flex-start}.wp-block-uagb-image--layout-overlay__inner.bottom-left,.wp-block-uagb-image--layout-overlay__inner.bottom-center,.wp-block-uagb-image--layout-overlay__inner.bottom-right{justify-content:flex-end}.wp-block-uagb-image--layout-overlay__inner.top-left,.wp-block-uagb-image--layout-overlay__inner.center-left,.wp-block-uagb-image--layout-overlay__inner.bottom-left{align-items:flex-start}.wp-block-uagb-image--layout-overlay__inner.top-right,.wp-block-uagb-image--layout-overlay__inner.center-right,.wp-block-uagb-image--layout-overlay__inner.bottom-right{align-items:flex-end}.wp-block-uagb-image--layout-overlay__inner .uagb-image-heading{color:#fff;transition:transform .35s,opacity .35s ease-in-out;transform:translate3d(0, 24px, 0);margin:0;line-height:1em}.wp-block-uagb-image--layout-overlay__inner .uagb-image-separator{width:30%;border-top-width:2px;border-top-color:#fff;border-top-style:solid;margin-bottom:10px;opacity:0;transition:transform .4s,opacity .4s ease-in-out;transform:translate3d(0, 30px, 0)}.wp-block-uagb-image--layout-overlay__inner .uagb-image-caption{opacity:0;overflow:visible;color:#fff;transition:transform .45s,opacity .45s ease-in-out;transform:translate3d(0, 35px, 0)}.wp-block-uagb-image--layout-overlay__inner:hover .uagb-image-heading,.wp-block-uagb-image--layout-overlay__inner:hover .uagb-image-separator,.wp-block-uagb-image--layout-overlay__inner:hover .uagb-image-caption{opacity:1;transform:translate3d(0, 0, 0)}.wp-block-uagb-image--effect-zoomin .wp-block-uagb-image__figure img,.wp-block-uagb-image--effect-zoomin .wp-block-uagb-image__figure .wp-block-uagb-image--layout-overlay__color-wrapper{transform:scale(1);transition:transform .35s ease-in-out}.wp-block-uagb-image--effect-zoomin .wp-block-uagb-image__figure:hover img,.wp-block-uagb-image--effect-zoomin .wp-block-uagb-image__figure:hover .wp-block-uagb-image--layout-overlay__color-wrapper{transform:scale(1.05)}.wp-block-uagb-image--effect-slide .wp-block-uagb-image__figure img,.wp-block-uagb-image--effect-slide .wp-block-uagb-image__figure .wp-block-uagb-image--layout-overlay__color-wrapper{width:calc(100% + 40px) !important;max-width:none !important;transform:translate3d(-40px, 0, 0);transition:transform .35s ease-in-out}.wp-block-uagb-image--effect-slide .wp-block-uagb-image__figure:hover img,.wp-block-uagb-image--effect-slide .wp-block-uagb-image__figure:hover .wp-block-uagb-image--layout-overlay__color-wrapper{transform:translate3d(0, 0, 0)}.wp-block-uagb-image--effect-grayscale img{filter:grayscale(0%);transition:.35s ease-in-out}.wp-block-uagb-image--effect-grayscale:hover img{filter:grayscale(100%)}.wp-block-uagb-image--effect-blur img{filter:blur(0);transition:.35s ease-in-out}.wp-block-uagb-image--effect-blur:hover img{filter:blur(3px)}.uagb-block-e6f939b3.wp-block-uagb-image--layout-default figure img{box-shadow: 0px 0px 0 #00000070;}.uagb-block-e6f939b3.wp-block-uagb-image .wp-block-uagb-image__figure figcaption{font-style: normal;align-self: center;}.uagb-block-e6f939b3.wp-block-uagb-image--layout-overlay figure img{box-shadow: 0px 0px 0 #00000070;}.uagb-block-e6f939b3.wp-block-uagb-image--layout-overlay .wp-block-uagb-image--layout-overlay__color-wrapper{opacity: 0.2;}.uagb-block-e6f939b3.wp-block-uagb-image--layout-overlay .wp-block-uagb-image--layout-overlay__inner{left: 15px;right: 15px;top: 15px;bottom: 15px;}.uagb-block-e6f939b3.wp-block-uagb-image--layout-overlay .wp-block-uagb-image--layout-overlay__inner .uagb-image-heading{font-style: normal;color: #fff;opacity: 1;}.uagb-block-e6f939b3.wp-block-uagb-image--layout-overlay .wp-block-uagb-image--layout-overlay__inner .uagb-image-heading a{color: #fff;}.uagb-block-e6f939b3.wp-block-uagb-image--layout-overlay .wp-block-uagb-image--layout-overlay__inner .uagb-image-caption{opacity: 0;}.uagb-block-e6f939b3.wp-block-uagb-image--layout-overlay .wp-block-uagb-image__figure:hover .wp-block-uagb-image--layout-overlay__color-wrapper{opacity: 1;}.uagb-block-e6f939b3.wp-block-uagb-image .wp-block-uagb-image--layout-overlay__inner .uagb-image-separator{width: 30%;border-top-width: 2px;border-top-color: #fff;opacity: 0;}.uagb-block-e6f939b3.wp-block-uagb-image .wp-block-uagb-image__figure img{width: px;height: auto;}.uagb-block-e6f939b3.wp-block-uagb-image .wp-block-uagb-image__figure:hover .wp-block-uagb-image--layout-overlay__inner .uagb-image-caption{opacity: 1;}.uagb-block-e6f939b3.wp-block-uagb-image .wp-block-uagb-image__figure:hover .wp-block-uagb-image--layout-overlay__inner .uagb-image-separator{opacity: 1;}.uagb-block-e6f939b3.wp-block-uagb-image--layout-default figure:hover img{box-shadow: 0px 0px 0 #00000070;}.uagb-block-e6f939b3.wp-block-uagb-image--layout-overlay figure:hover img{box-shadow: 0px 0px 0 #00000070;}@media only screen and (max-width: 976px) {.uagb-block-e6f939b3.wp-block-uagb-image .wp-block-uagb-image__figure img{width: px;height: auto;}}@media only screen and (max-width: 767px) {.uagb-block-e6f939b3.wp-block-uagb-image .wp-block-uagb-image__figure img{width: px;height: auto;}}\";s:2:\"js\";s:0:\"\";s:18:\"current_block_list\";a:13:{i:0;s:11:\"core\/search\";i:1;s:10:\"core\/group\";i:2;s:12:\"core\/heading\";i:3;s:17:\"core\/latest-posts\";i:4;s:20:\"core\/latest-comments\";i:5;s:13:\"core\/archives\";i:6;s:15:\"core\/categories\";i:7;s:14:\"core\/paragraph\";i:8;s:10:\"uagb\/image\";i:9;s:11:\"core\/spacer\";i:10;s:30:\"woocommerce\/product-categories\";i:11;s:10:\"core\/image\";i:12;s:14:\"core\/shortcode\";}s:8:\"uag_flag\";b:1;s:11:\"uag_version\";s:10:\"1777441529\";s:6:\"gfonts\";a:0:{}s:10:\"gfonts_url\";s:0:\"\";s:12:\"gfonts_files\";a:0:{}s:14:\"uag_faq_layout\";b:0;}"]},"uagb_featured_image_src":{"full":["https:\/\/www.stopvarroa.com\/wp-content\/uploads\/2025\/06\/Traitementvarroa1L_6361b532-df7e-4c86-aba9-7317a3ec8b3f.jpg",2560,2560,false],"thumbnail":["https:\/\/www.stopvarroa.com\/wp-content\/uploads\/2025\/06\/Traitementvarroa1L_6361b532-df7e-4c86-aba9-7317a3ec8b3f-150x150.jpg",150,150,true],"medium":["https:\/\/www.stopvarroa.com\/wp-content\/uploads\/2025\/06\/Traitementvarroa1L_6361b532-df7e-4c86-aba9-7317a3ec8b3f-300x300.jpg",300,300,true],"medium_large":["https:\/\/www.stopvarroa.com\/wp-content\/uploads\/2025\/06\/Traitementvarroa1L_6361b532-df7e-4c86-aba9-7317a3ec8b3f-768x768.jpg",768,768,true],"large":["https:\/\/www.stopvarroa.com\/wp-content\/uploads\/2025\/06\/Traitementvarroa1L_6361b532-df7e-4c86-aba9-7317a3ec8b3f-1024x1024.jpg",1024,1024,true],"1536x1536":["https:\/\/www.stopvarroa.com\/wp-content\/uploads\/2025\/06\/Traitementvarroa1L_6361b532-df7e-4c86-aba9-7317a3ec8b3f-1536x1536.jpg",1536,1536,true],"2048x2048":["https:\/\/www.stopvarroa.com\/wp-content\/uploads\/2025\/06\/Traitementvarroa1L_6361b532-df7e-4c86-aba9-7317a3ec8b3f-2048x2048.jpg",2048,2048,true],"trp-custom-language-flag":["https:\/\/www.stopvarroa.com\/wp-content\/uploads\/2025\/06\/Traitementvarroa1L_6361b532-df7e-4c86-aba9-7317a3ec8b3f-12x12.jpg",12,12,true],"woocommerce_thumbnail":["https:\/\/www.stopvarroa.com\/wp-content\/uploads\/2025\/06\/Traitementvarroa1L_6361b532-df7e-4c86-aba9-7317a3ec8b3f-300x300.jpg",300,300,true],"woocommerce_single":["https:\/\/www.stopvarroa.com\/wp-content\/uploads\/2025\/06\/Traitementvarroa1L_6361b532-df7e-4c86-aba9-7317a3ec8b3f-600x600.jpg",600,600,true],"woocommerce_gallery_thumbnail":["https:\/\/www.stopvarroa.com\/wp-content\/uploads\/2025\/06\/Traitementvarroa1L_6361b532-df7e-4c86-aba9-7317a3ec8b3f-100x100.jpg",100,100,true]},"uagb_author_info":{"display_name":"admin","author_link":"https:\/\/www.stopvarroa.com\/ch-de\/author\/"},"uagb_comment_info":242,"uagb_excerpt":"Eliminates varroa mites within 24 hours for rapid hive protection. Our varroa treatment is specially formulated to act quickly and efficiently, eliminating destructive varroa mites in just 24 hours after application. Fast action is essential to protect brood, adult bees, and the overall strength of the colony. The most effective anti-varroa solution available. Developed with&hellip;","_links":{"self":[{"href":"https:\/\/www.stopvarroa.com\/ch-de\/wp-json\/wp\/v2\/product\/23149","targetHints":{"allow":["GET"]}}],"collection":[{"href":"https:\/\/www.stopvarroa.com\/ch-de\/wp-json\/wp\/v2\/product"}],"about":[{"href":"https:\/\/www.stopvarroa.com\/ch-de\/wp-json\/wp\/v2\/types\/product"}],"replies":[{"embeddable":true,"href":"https:\/\/www.stopvarroa.com\/ch-de\/wp-json\/wp\/v2\/comments?post=23149"}],"version-history":[{"count":6,"href":"https:\/\/www.stopvarroa.com\/ch-de\/wp-json\/wp\/v2\/product\/23149\/revisions"}],"predecessor-version":[{"id":25319,"href":"https:\/\/www.stopvarroa.com\/ch-de\/wp-json\/wp\/v2\/product\/23149\/revisions\/25319"}],"wp:featuredmedia":[{"embeddable":true,"href":"https:\/\/www.stopvarroa.com\/ch-de\/wp-json\/wp\/v2\/media\/23313"}],"wp:attachment":[{"href":"https:\/\/www.stopvarroa.com\/ch-de\/wp-json\/wp\/v2\/media?parent=23149"}],"wp:term":[{"taxonomy":"product_brand","embeddable":true,"href":"https:\/\/www.stopvarroa.com\/ch-de\/wp-json\/wp\/v2\/product_brand?post=23149"},{"taxonomy":"product_cat","embeddable":true,"href":"https:\/\/www.stopvarroa.com\/ch-de\/wp-json\/wp\/v2\/product_cat?post=23149"},{"taxonomy":"product_tag","embeddable":true,"href":"https:\/\/www.stopvarroa.com\/ch-de\/wp-json\/wp\/v2\/product_tag?post=23149"}],"curies":[{"name":"wp","href":"https:\/\/api.w.org\/{rel}","templated":true}]}}